{"id":393,"date":"2021-10-14T13:41:21","date_gmt":"2021-10-14T13:41:21","guid":{"rendered":"https:\/\/demosites.io\/neve-3\/?page_id=393"},"modified":"2023-02-13T01:12:27","modified_gmt":"2023-02-13T01:12:27","slug":"7b3c2-about","status":"publish","type":"page","link":"https:\/\/refugiojuridico.com\/en\/7b3c2-about\/","title":{"rendered":"Actividades acad\u00e9micas"},"content":{"rendered":"\n<div style=\"height:80px\" aria-hidden=\"true\" class=\"wp-block-spacer\"><\/div>\n\n\n\n<h2 class=\"wp-block-heading\">Actividades acad\u00e9micas<\/h2>\n\n\n<div class=\"wp-block-image\">\n<figure class=\"aligncenter size-full is-resized\"><img loading=\"lazy\" decoding=\"async\" src=\"https:\/\/i0.wp.com\/refugiojuridico.com\/wp-content\/uploads\/2021\/10\/hall-congress-architecture-building-159213.jpeg?resize=584%2C388&#038;ssl=1\" alt=\"white wooden rectangular table\" class=\"wp-image-650\" width=\"584\" height=\"388\" srcset=\"https:\/\/i0.wp.com\/refugiojuridico.com\/wp-content\/uploads\/2021\/10\/hall-congress-architecture-building-159213.jpeg?w=1880&amp;ssl=1 1880w, https:\/\/i0.wp.com\/refugiojuridico.com\/wp-content\/uploads\/2021\/10\/hall-congress-architecture-building-159213.jpeg?resize=300%2C200&amp;ssl=1 300w, https:\/\/i0.wp.com\/refugiojuridico.com\/wp-content\/uploads\/2021\/10\/hall-congress-architecture-building-159213.jpeg?resize=1024%2C682&amp;ssl=1 1024w, https:\/\/i0.wp.com\/refugiojuridico.com\/wp-content\/uploads\/2021\/10\/hall-congress-architecture-building-159213.jpeg?resize=768%2C512&amp;ssl=1 768w, https:\/\/i0.wp.com\/refugiojuridico.com\/wp-content\/uploads\/2021\/10\/hall-congress-architecture-building-159213.jpeg?resize=1536%2C1024&amp;ssl=1 1536w, https:\/\/i0.wp.com\/refugiojuridico.com\/wp-content\/uploads\/2021\/10\/hall-congress-architecture-building-159213.jpeg?resize=18%2C12&amp;ssl=1 18w, https:\/\/i0.wp.com\/refugiojuridico.com\/wp-content\/uploads\/2021\/10\/hall-congress-architecture-building-159213.jpeg?resize=600%2C400&amp;ssl=1 600w\" sizes=\"auto, (max-width: 584px) 100vw, 584px\" data-recalc-dims=\"1\" \/><figcaption class=\"wp-element-caption\">Photo by Pixabay on <a href=\"https:\/\/www.pexels.com\/photo\/white-wooden-rectangular-table-159213\/\" rel=\"nofollow\">Pexels.com<\/a><\/figcaption><\/figure>\n<\/div>\n\n\n<p class=\"has-text-align-center has-neve-text-color-color has-text-color\">Participa de nuestras actividades acad\u00e9micas: charlas, talleres, seminarios presenciales o virtuales, esencialmente sobre temas relacionados con la pr\u00e1ctica del derecho ante la especialidad civil de la Jurisdicci\u00f3n Ordinaria.<\/p>\n\n\n\n<div style=\"height:40px\" aria-hidden=\"true\" class=\"wp-block-spacer\"><\/div>\n\n\n\n<div class=\"wp-block-columns is-layout-flex wp-container-core-columns-is-layout-86bc477a wp-block-columns-is-layout-flex\">\n<div class=\"wp-block-column is-vertically-aligned-center is-layout-flow wp-block-column-is-layout-flow\">\n<h3 class=\"has-text-align-center has-neve-text-color-color has-text-color wp-block-heading\">Charlas<\/h3>\n\n\n\n<div class=\"wp-block-group\"><div class=\"wp-block-group__inner-container is-layout-constrained wp-block-group-is-layout-constrained\">\n<p class=\"has-text-align-center has-neve-text-color-color has-text-color\">Febrero 2023<\/p>\n\n\n\n<ul class=\"wp-block-list\">\n<li>Febrero 15<\/li>\n<\/ul>\n<\/div><\/div>\n\n\n\n<ul class=\"wp-block-social-links aligncenter is-layout-flex wp-block-social-links-is-layout-flex\"><li class=\"wp-social-link wp-social-link-facebook  wp-block-social-link\"><a href=\"#\" class=\"wp-block-social-link-anchor\"><svg width=\"24\" height=\"24\" viewBox=\"0 0 24 24\" version=\"1.1\" xmlns=\"http:\/\/www.w3.org\/2000\/svg\" aria-hidden=\"true\" focusable=\"false\"><path d=\"M12 2C6.5 2 2 6.5 2 12c0 5 3.7 9.1 8.4 9.9v-7H7.9V12h2.5V9.8c0-2.5 1.5-3.9 3.8-3.9 1.1 0 2.2.2 2.2.2v2.5h-1.3c-1.2 0-1.6.8-1.6 1.6V12h2.8l-.4 2.9h-2.3v7C18.3 21.1 22 17 22 12c0-5.5-4.5-10-10-10z\"><\/path><\/svg><span class=\"wp-block-social-link-label screen-reader-text\">Facebook<\/span><\/a><\/li>\n\n<li class=\"wp-social-link wp-social-link-twitter  wp-block-social-link\"><a href=\"#\" class=\"wp-block-social-link-anchor\"><svg width=\"24\" height=\"24\" viewBox=\"0 0 24 24\" version=\"1.1\" xmlns=\"http:\/\/www.w3.org\/2000\/svg\" aria-hidden=\"true\" focusable=\"false\"><path d=\"M22.23,5.924c-0.736,0.326-1.527,0.547-2.357,0.646c0.847-0.508,1.498-1.312,1.804-2.27 c-0.793,0.47-1.671,0.812-2.606,0.996C18.324,4.498,17.257,4,16.077,4c-2.266,0-4.103,1.837-4.103,4.103 c0,0.322,0.036,0.635,0.106,0.935C8.67,8.867,5.647,7.234,3.623,4.751C3.27,5.357,3.067,6.062,3.067,6.814 c0,1.424,0.724,2.679,1.825,3.415c-0.673-0.021-1.305-0.206-1.859-0.513c0,0.017,0,0.034,0,0.052c0,1.988,1.414,3.647,3.292,4.023 c-0.344,0.094-0.707,0.144-1.081,0.144c-0.264,0-0.521-0.026-0.772-0.074c0.522,1.63,2.038,2.816,3.833,2.85 c-1.404,1.1-3.174,1.756-5.096,1.756c-0.331,0-0.658-0.019-0.979-0.057c1.816,1.164,3.973,1.843,6.29,1.843 c7.547,0,11.675-6.252,11.675-11.675c0-0.178-0.004-0.355-0.012-0.531C20.985,7.47,21.68,6.747,22.23,5.924z\"><\/path><\/svg><span class=\"wp-block-social-link-label screen-reader-text\">Twitter<\/span><\/a><\/li>\n\n<li class=\"wp-social-link wp-social-link-linkedin  wp-block-social-link\"><a href=\"#\" class=\"wp-block-social-link-anchor\"><svg width=\"24\" height=\"24\" viewBox=\"0 0 24 24\" version=\"1.1\" xmlns=\"http:\/\/www.w3.org\/2000\/svg\" aria-hidden=\"true\" focusable=\"false\"><path d=\"M19.7,3H4.3C3.582,3,3,3.582,3,4.3v15.4C3,20.418,3.582,21,4.3,21h15.4c0.718,0,1.3-0.582,1.3-1.3V4.3 C21,3.582,20.418,3,19.7,3z M8.339,18.338H5.667v-8.59h2.672V18.338z M7.004,8.574c-0.857,0-1.549-0.694-1.549-1.548 c0-0.855,0.691-1.548,1.549-1.548c0.854,0,1.547,0.694,1.547,1.548C8.551,7.881,7.858,8.574,7.004,8.574z M18.339,18.338h-2.669 v-4.177c0-0.996-0.017-2.278-1.387-2.278c-1.389,0-1.601,1.086-1.601,2.206v4.249h-2.667v-8.59h2.559v1.174h0.037 c0.356-0.675,1.227-1.387,2.526-1.387c2.703,0,3.203,1.779,3.203,4.092V18.338z\"><\/path><\/svg><span class=\"wp-block-social-link-label screen-reader-text\">LinkedIn<\/span><\/a><\/li><\/ul>\n\n\n\n<div style=\"height:40px\" aria-hidden=\"true\" class=\"wp-block-spacer\"><\/div>\n<\/div>\n\n\n\n<div class=\"wp-block-column is-vertically-aligned-center is-layout-flow wp-block-column-is-layout-flow\">\n<h3 class=\"has-text-align-center has-neve-text-color-color has-text-color wp-block-heading\">Talleres<\/h3>\n\n\n\n<div class=\"wp-block-group\"><div class=\"wp-block-group__inner-container is-layout-constrained wp-block-group-is-layout-constrained\">\n<p class=\"has-text-align-center has-neve-text-color-color has-text-color\">Febrero 2023<\/p>\n\n\n\n<ul class=\"wp-block-list\">\n<li>Febrero 15<\/li>\n<\/ul>\n<\/div><\/div>\n\n\n\n<ul class=\"wp-block-social-links aligncenter is-layout-flex wp-block-social-links-is-layout-flex\"><li class=\"wp-social-link wp-social-link-facebook  wp-block-social-link\"><a href=\"#\" class=\"wp-block-social-link-anchor\"><svg width=\"24\" height=\"24\" viewBox=\"0 0 24 24\" version=\"1.1\" xmlns=\"http:\/\/www.w3.org\/2000\/svg\" aria-hidden=\"true\" focusable=\"false\"><path d=\"M12 2C6.5 2 2 6.5 2 12c0 5 3.7 9.1 8.4 9.9v-7H7.9V12h2.5V9.8c0-2.5 1.5-3.9 3.8-3.9 1.1 0 2.2.2 2.2.2v2.5h-1.3c-1.2 0-1.6.8-1.6 1.6V12h2.8l-.4 2.9h-2.3v7C18.3 21.1 22 17 22 12c0-5.5-4.5-10-10-10z\"><\/path><\/svg><span class=\"wp-block-social-link-label screen-reader-text\">Facebook<\/span><\/a><\/li>\n\n<li class=\"wp-social-link wp-social-link-twitter  wp-block-social-link\"><a href=\"#\" class=\"wp-block-social-link-anchor\"><svg width=\"24\" height=\"24\" viewBox=\"0 0 24 24\" version=\"1.1\" xmlns=\"http:\/\/www.w3.org\/2000\/svg\" aria-hidden=\"true\" focusable=\"false\"><path d=\"M22.23,5.924c-0.736,0.326-1.527,0.547-2.357,0.646c0.847-0.508,1.498-1.312,1.804-2.27 c-0.793,0.47-1.671,0.812-2.606,0.996C18.324,4.498,17.257,4,16.077,4c-2.266,0-4.103,1.837-4.103,4.103 c0,0.322,0.036,0.635,0.106,0.935C8.67,8.867,5.647,7.234,3.623,4.751C3.27,5.357,3.067,6.062,3.067,6.814 c0,1.424,0.724,2.679,1.825,3.415c-0.673-0.021-1.305-0.206-1.859-0.513c0,0.017,0,0.034,0,0.052c0,1.988,1.414,3.647,3.292,4.023 c-0.344,0.094-0.707,0.144-1.081,0.144c-0.264,0-0.521-0.026-0.772-0.074c0.522,1.63,2.038,2.816,3.833,2.85 c-1.404,1.1-3.174,1.756-5.096,1.756c-0.331,0-0.658-0.019-0.979-0.057c1.816,1.164,3.973,1.843,6.29,1.843 c7.547,0,11.675-6.252,11.675-11.675c0-0.178-0.004-0.355-0.012-0.531C20.985,7.47,21.68,6.747,22.23,5.924z\"><\/path><\/svg><span class=\"wp-block-social-link-label screen-reader-text\">Twitter<\/span><\/a><\/li>\n\n<li class=\"wp-social-link wp-social-link-linkedin  wp-block-social-link\"><a href=\"#\" class=\"wp-block-social-link-anchor\"><svg width=\"24\" height=\"24\" viewBox=\"0 0 24 24\" version=\"1.1\" xmlns=\"http:\/\/www.w3.org\/2000\/svg\" aria-hidden=\"true\" focusable=\"false\"><path d=\"M19.7,3H4.3C3.582,3,3,3.582,3,4.3v15.4C3,20.418,3.582,21,4.3,21h15.4c0.718,0,1.3-0.582,1.3-1.3V4.3 C21,3.582,20.418,3,19.7,3z M8.339,18.338H5.667v-8.59h2.672V18.338z M7.004,8.574c-0.857,0-1.549-0.694-1.549-1.548 c0-0.855,0.691-1.548,1.549-1.548c0.854,0,1.547,0.694,1.547,1.548C8.551,7.881,7.858,8.574,7.004,8.574z M18.339,18.338h-2.669 v-4.177c0-0.996-0.017-2.278-1.387-2.278c-1.389,0-1.601,1.086-1.601,2.206v4.249h-2.667v-8.59h2.559v1.174h0.037 c0.356-0.675,1.227-1.387,2.526-1.387c2.703,0,3.203,1.779,3.203,4.092V18.338z\"><\/path><\/svg><span class=\"wp-block-social-link-label screen-reader-text\">LinkedIn<\/span><\/a><\/li><\/ul>\n\n\n\n<div style=\"height:40px\" aria-hidden=\"true\" class=\"wp-block-spacer\"><\/div>\n\n\n\n<ul class=\"wp-block-list\"><\/ul>\n<\/div>\n\n\n\n<div class=\"wp-block-column is-vertically-aligned-center is-layout-flow wp-block-column-is-layout-flow\">\n<h3 class=\"has-text-align-center has-neve-text-color-color has-text-color wp-block-heading\">Seminarios presenciales o virtuales<\/h3>\n\n\n\n<div class=\"wp-block-group\"><div class=\"wp-block-group__inner-container is-layout-constrained wp-block-group-is-layout-constrained\">\n<p class=\"has-text-align-center has-neve-text-color-color has-text-color\">Febrero 2023<\/p>\n\n\n\n<ul class=\"wp-block-list\">\n<li>Febrero 15<\/li>\n<\/ul>\n<\/div><\/div>\n\n\n\n<ul class=\"wp-block-social-links aligncenter is-layout-flex wp-block-social-links-is-layout-flex\"><li class=\"wp-social-link wp-social-link-facebook  wp-block-social-link\"><a href=\"#\" class=\"wp-block-social-link-anchor\"><svg width=\"24\" height=\"24\" viewBox=\"0 0 24 24\" version=\"1.1\" xmlns=\"http:\/\/www.w3.org\/2000\/svg\" aria-hidden=\"true\" focusable=\"false\"><path d=\"M12 2C6.5 2 2 6.5 2 12c0 5 3.7 9.1 8.4 9.9v-7H7.9V12h2.5V9.8c0-2.5 1.5-3.9 3.8-3.9 1.1 0 2.2.2 2.2.2v2.5h-1.3c-1.2 0-1.6.8-1.6 1.6V12h2.8l-.4 2.9h-2.3v7C18.3 21.1 22 17 22 12c0-5.5-4.5-10-10-10z\"><\/path><\/svg><span class=\"wp-block-social-link-label screen-reader-text\">Facebook<\/span><\/a><\/li>\n\n<li class=\"wp-social-link wp-social-link-twitter  wp-block-social-link\"><a href=\"#\" class=\"wp-block-social-link-anchor\"><svg width=\"24\" height=\"24\" viewBox=\"0 0 24 24\" version=\"1.1\" xmlns=\"http:\/\/www.w3.org\/2000\/svg\" aria-hidden=\"true\" focusable=\"false\"><path d=\"M22.23,5.924c-0.736,0.326-1.527,0.547-2.357,0.646c0.847-0.508,1.498-1.312,1.804-2.27 c-0.793,0.47-1.671,0.812-2.606,0.996C18.324,4.498,17.257,4,16.077,4c-2.266,0-4.103,1.837-4.103,4.103 c0,0.322,0.036,0.635,0.106,0.935C8.67,8.867,5.647,7.234,3.623,4.751C3.27,5.357,3.067,6.062,3.067,6.814 c0,1.424,0.724,2.679,1.825,3.415c-0.673-0.021-1.305-0.206-1.859-0.513c0,0.017,0,0.034,0,0.052c0,1.988,1.414,3.647,3.292,4.023 c-0.344,0.094-0.707,0.144-1.081,0.144c-0.264,0-0.521-0.026-0.772-0.074c0.522,1.63,2.038,2.816,3.833,2.85 c-1.404,1.1-3.174,1.756-5.096,1.756c-0.331,0-0.658-0.019-0.979-0.057c1.816,1.164,3.973,1.843,6.29,1.843 c7.547,0,11.675-6.252,11.675-11.675c0-0.178-0.004-0.355-0.012-0.531C20.985,7.47,21.68,6.747,22.23,5.924z\"><\/path><\/svg><span class=\"wp-block-social-link-label screen-reader-text\">Twitter<\/span><\/a><\/li>\n\n<li class=\"wp-social-link wp-social-link-linkedin  wp-block-social-link\"><a href=\"#\" class=\"wp-block-social-link-anchor\"><svg width=\"24\" height=\"24\" viewBox=\"0 0 24 24\" version=\"1.1\" xmlns=\"http:\/\/www.w3.org\/2000\/svg\" aria-hidden=\"true\" focusable=\"false\"><path d=\"M19.7,3H4.3C3.582,3,3,3.582,3,4.3v15.4C3,20.418,3.582,21,4.3,21h15.4c0.718,0,1.3-0.582,1.3-1.3V4.3 C21,3.582,20.418,3,19.7,3z M8.339,18.338H5.667v-8.59h2.672V18.338z M7.004,8.574c-0.857,0-1.549-0.694-1.549-1.548 c0-0.855,0.691-1.548,1.549-1.548c0.854,0,1.547,0.694,1.547,1.548C8.551,7.881,7.858,8.574,7.004,8.574z M18.339,18.338h-2.669 v-4.177c0-0.996-0.017-2.278-1.387-2.278c-1.389,0-1.601,1.086-1.601,2.206v4.249h-2.667v-8.59h2.559v1.174h0.037 c0.356-0.675,1.227-1.387,2.526-1.387c2.703,0,3.203,1.779,3.203,4.092V18.338z\"><\/path><\/svg><span class=\"wp-block-social-link-label screen-reader-text\">LinkedIn<\/span><\/a><\/li><\/ul>\n\n\n\n<div style=\"height:40px\" aria-hidden=\"true\" class=\"wp-block-spacer\"><\/div>\n<\/div>\n<\/div>\n\n\n\n<div style=\"height:40px\" aria-hidden=\"true\" class=\"wp-block-spacer\"><\/div>\n","protected":false},"excerpt":{"rendered":"<p>Actividades acad\u00e9micas Participa de nuestras actividades acad\u00e9micas: charlas, talleres, seminarios presenciales o virtuales, esencialmente sobre temas relacionados con la pr\u00e1ctica del derecho ante la especialidad civil de la Jurisdicci\u00f3n Ordinaria. Charlas Febrero&hellip;<\/p>\n","protected":false},"author":1,"featured_media":0,"parent":0,"menu_order":0,"comment_status":"closed","ping_status":"closed","template":"","meta":{"_themeisle_gutenberg_block_has_review":false,"jetpack_post_was_ever_published":false,"_ti_tpc_template_sync":false,"_ti_tpc_template_id":"ocrvfw4532km4uu0frdr","footnotes":""},"class_list":["post-393","page","type-page","status-publish","hentry"],"yoast_head":"<!-- This site is optimized with the Yoast SEO plugin v22.2 - https:\/\/yoast.com\/wordpress\/plugins\/seo\/ -->\n<title>Actividades acad\u00e9micas - Refugio Jur\u00eddico<\/title>\n<meta name=\"robots\" content=\"index, follow, max-snippet:-1, max-image-preview:large, max-video-preview:-1\" \/>\n<link rel=\"canonical\" href=\"https:\/\/refugiojuridico.com\/en\/7b3c2-about\/\" \/>\n<meta property=\"og:locale\" content=\"en_US\" \/>\n<meta property=\"og:type\" content=\"article\" \/>\n<meta property=\"og:title\" content=\"Actividades acad\u00e9micas - Refugio Jur\u00eddico\" \/>\n<meta property=\"og:description\" content=\"Actividades acad\u00e9micas Participa de nuestras actividades acad\u00e9micas: charlas, talleres, seminarios presenciales o virtuales, esencialmente sobre temas relacionados con la pr\u00e1ctica del derecho ante la especialidad civil de la Jurisdicci\u00f3n Ordinaria. Charlas Febrero&hellip;\" \/>\n<meta property=\"og:url\" content=\"https:\/\/refugiojuridico.com\/en\/7b3c2-about\/\" \/>\n<meta property=\"og:site_name\" content=\"Refugio Jur\u00eddico\" \/>\n<meta property=\"article:modified_time\" content=\"2023-02-13T01:12:27+00:00\" \/>\n<meta property=\"og:image\" content=\"https:\/\/refugiojuridico.com\/wp-content\/uploads\/2021\/10\/hall-congress-architecture-building-159213.jpeg\" \/>\n<meta name=\"twitter:card\" content=\"summary_large_image\" \/>\n<meta name=\"twitter:label1\" content=\"Est. reading time\" \/>\n\t<meta name=\"twitter:data1\" content=\"1 minute\" \/>\n<script type=\"application\/ld+json\" class=\"yoast-schema-graph\">{\"@context\":\"https:\/\/schema.org\",\"@graph\":[{\"@type\":\"WebPage\",\"@id\":\"https:\/\/refugiojuridico.com\/7b3c2-about\/\",\"url\":\"https:\/\/refugiojuridico.com\/7b3c2-about\/\",\"name\":\"Actividades acad\u00e9micas - Refugio Jur\u00eddico\",\"isPartOf\":{\"@id\":\"https:\/\/refugiojuridico.com\/#website\"},\"primaryImageOfPage\":{\"@id\":\"https:\/\/refugiojuridico.com\/7b3c2-about\/#primaryimage\"},\"image\":{\"@id\":\"https:\/\/refugiojuridico.com\/7b3c2-about\/#primaryimage\"},\"thumbnailUrl\":\"https:\/\/refugiojuridico.com\/wp-content\/uploads\/2021\/10\/hall-congress-architecture-building-159213.jpeg\",\"datePublished\":\"2021-10-14T13:41:21+00:00\",\"dateModified\":\"2023-02-13T01:12:27+00:00\",\"breadcrumb\":{\"@id\":\"https:\/\/refugiojuridico.com\/7b3c2-about\/#breadcrumb\"},\"inLanguage\":\"en-US\",\"potentialAction\":[{\"@type\":\"ReadAction\",\"target\":[\"https:\/\/refugiojuridico.com\/7b3c2-about\/\"]}]},{\"@type\":\"ImageObject\",\"inLanguage\":\"en-US\",\"@id\":\"https:\/\/refugiojuridico.com\/7b3c2-about\/#primaryimage\",\"url\":\"https:\/\/refugiojuridico.com\/wp-content\/uploads\/2021\/10\/hall-congress-architecture-building-159213.jpeg\",\"contentUrl\":\"https:\/\/refugiojuridico.com\/wp-content\/uploads\/2021\/10\/hall-congress-architecture-building-159213.jpeg\",\"width\":1880,\"height\":1253,\"caption\":\"Photo by Pixabay on Pexels.com\"},{\"@type\":\"BreadcrumbList\",\"@id\":\"https:\/\/refugiojuridico.com\/7b3c2-about\/#breadcrumb\",\"itemListElement\":[{\"@type\":\"ListItem\",\"position\":1,\"name\":\"Home\",\"item\":\"https:\/\/refugiojuridico.com\/\"},{\"@type\":\"ListItem\",\"position\":2,\"name\":\"Actividades acad\u00e9micas\"}]},{\"@type\":\"WebSite\",\"@id\":\"https:\/\/refugiojuridico.com\/#website\",\"url\":\"https:\/\/refugiojuridico.com\/\",\"name\":\"Refugio Jur\u00eddico\",\"description\":\"Consulta de temas jur\u00eddicos\",\"publisher\":{\"@id\":\"https:\/\/refugiojuridico.com\/#\/schema\/person\/2fdafa8790bfa1da36dc59e5142ec32b\"},\"potentialAction\":[{\"@type\":\"SearchAction\",\"target\":{\"@type\":\"EntryPoint\",\"urlTemplate\":\"https:\/\/refugiojuridico.com\/?s={search_term_string}\"},\"query-input\":\"required name=search_term_string\"}],\"inLanguage\":\"en-US\"},{\"@type\":[\"Person\",\"Organization\"],\"@id\":\"https:\/\/refugiojuridico.com\/#\/schema\/person\/2fdafa8790bfa1da36dc59e5142ec32b\",\"name\":\"gserrano60\",\"image\":{\"@type\":\"ImageObject\",\"inLanguage\":\"en-US\",\"@id\":\"https:\/\/refugiojuridico.com\/#\/schema\/person\/image\/\",\"url\":\"https:\/\/refugiojuridico.com\/wp-content\/uploads\/2023\/01\/Screen-Shot-2023-01-12-at-8.21.32-PM.png\",\"contentUrl\":\"https:\/\/refugiojuridico.com\/wp-content\/uploads\/2023\/01\/Screen-Shot-2023-01-12-at-8.21.32-PM.png\",\"width\":609,\"height\":446,\"caption\":\"gserrano60\"},\"logo\":{\"@id\":\"https:\/\/refugiojuridico.com\/#\/schema\/person\/image\/\"},\"sameAs\":[\"https:\/\/refugiojuridico.com\"]}]}<\/script>\n<!-- \/ Yoast SEO plugin. -->","yoast_head_json":{"title":"Actividades acad\u00e9micas - Refugio Jur\u00eddico","robots":{"index":"index","follow":"follow","max-snippet":"max-snippet:-1","max-image-preview":"max-image-preview:large","max-video-preview":"max-video-preview:-1"},"canonical":"https:\/\/refugiojuridico.com\/en\/7b3c2-about\/","og_locale":"en_US","og_type":"article","og_title":"Actividades acad\u00e9micas - Refugio Jur\u00eddico","og_description":"Actividades acad\u00e9micas Participa de nuestras actividades acad\u00e9micas: charlas, talleres, seminarios presenciales o virtuales, esencialmente sobre temas relacionados con la pr\u00e1ctica del derecho ante la especialidad civil de la Jurisdicci\u00f3n Ordinaria. Charlas Febrero&hellip;","og_url":"https:\/\/refugiojuridico.com\/en\/7b3c2-about\/","og_site_name":"Refugio Jur\u00eddico","article_modified_time":"2023-02-13T01:12:27+00:00","og_image":[{"url":"https:\/\/refugiojuridico.com\/wp-content\/uploads\/2021\/10\/hall-congress-architecture-building-159213.jpeg"}],"twitter_card":"summary_large_image","twitter_misc":{"Est. reading time":"1 minute"},"schema":{"@context":"https:\/\/schema.org","@graph":[{"@type":"WebPage","@id":"https:\/\/refugiojuridico.com\/7b3c2-about\/","url":"https:\/\/refugiojuridico.com\/7b3c2-about\/","name":"Actividades acad\u00e9micas - Refugio Jur\u00eddico","isPartOf":{"@id":"https:\/\/refugiojuridico.com\/#website"},"primaryImageOfPage":{"@id":"https:\/\/refugiojuridico.com\/7b3c2-about\/#primaryimage"},"image":{"@id":"https:\/\/refugiojuridico.com\/7b3c2-about\/#primaryimage"},"thumbnailUrl":"https:\/\/refugiojuridico.com\/wp-content\/uploads\/2021\/10\/hall-congress-architecture-building-159213.jpeg","datePublished":"2021-10-14T13:41:21+00:00","dateModified":"2023-02-13T01:12:27+00:00","breadcrumb":{"@id":"https:\/\/refugiojuridico.com\/7b3c2-about\/#breadcrumb"},"inLanguage":"en-US","potentialAction":[{"@type":"ReadAction","target":["https:\/\/refugiojuridico.com\/7b3c2-about\/"]}]},{"@type":"ImageObject","inLanguage":"en-US","@id":"https:\/\/refugiojuridico.com\/7b3c2-about\/#primaryimage","url":"https:\/\/refugiojuridico.com\/wp-content\/uploads\/2021\/10\/hall-congress-architecture-building-159213.jpeg","contentUrl":"https:\/\/refugiojuridico.com\/wp-content\/uploads\/2021\/10\/hall-congress-architecture-building-159213.jpeg","width":1880,"height":1253,"caption":"Photo by Pixabay on Pexels.com"},{"@type":"BreadcrumbList","@id":"https:\/\/refugiojuridico.com\/7b3c2-about\/#breadcrumb","itemListElement":[{"@type":"ListItem","position":1,"name":"Home","item":"https:\/\/refugiojuridico.com\/"},{"@type":"ListItem","position":2,"name":"Actividades acad\u00e9micas"}]},{"@type":"WebSite","@id":"https:\/\/refugiojuridico.com\/#website","url":"https:\/\/refugiojuridico.com\/","name":"Refugio Jur\u00eddico","description":"Consulta de temas jur\u00eddicos","publisher":{"@id":"https:\/\/refugiojuridico.com\/#\/schema\/person\/2fdafa8790bfa1da36dc59e5142ec32b"},"potentialAction":[{"@type":"SearchAction","target":{"@type":"EntryPoint","urlTemplate":"https:\/\/refugiojuridico.com\/?s={search_term_string}"},"query-input":"required name=search_term_string"}],"inLanguage":"en-US"},{"@type":["Person","Organization"],"@id":"https:\/\/refugiojuridico.com\/#\/schema\/person\/2fdafa8790bfa1da36dc59e5142ec32b","name":"gserrano60","image":{"@type":"ImageObject","inLanguage":"en-US","@id":"https:\/\/refugiojuridico.com\/#\/schema\/person\/image\/","url":"https:\/\/refugiojuridico.com\/wp-content\/uploads\/2023\/01\/Screen-Shot-2023-01-12-at-8.21.32-PM.png","contentUrl":"https:\/\/refugiojuridico.com\/wp-content\/uploads\/2023\/01\/Screen-Shot-2023-01-12-at-8.21.32-PM.png","width":609,"height":446,"caption":"gserrano60"},"logo":{"@id":"https:\/\/refugiojuridico.com\/#\/schema\/person\/image\/"},"sameAs":["https:\/\/refugiojuridico.com"]}]}},"jetpack_likes_enabled":true,"jetpack_sharing_enabled":true,"_links":{"self":[{"href":"https:\/\/refugiojuridico.com\/en\/wp-json\/wp\/v2\/pages\/393","targetHints":{"allow":["GET"]}}],"collection":[{"href":"https:\/\/refugiojuridico.com\/en\/wp-json\/wp\/v2\/pages"}],"about":[{"href":"https:\/\/refugiojuridico.com\/en\/wp-json\/wp\/v2\/types\/page"}],"author":[{"embeddable":true,"href":"https:\/\/refugiojuridico.com\/en\/wp-json\/wp\/v2\/users\/1"}],"replies":[{"embeddable":true,"href":"https:\/\/refugiojuridico.com\/en\/wp-json\/wp\/v2\/comments?post=393"}],"version-history":[{"count":3,"href":"https:\/\/refugiojuridico.com\/en\/wp-json\/wp\/v2\/pages\/393\/revisions"}],"predecessor-version":[{"id":653,"href":"https:\/\/refugiojuridico.com\/en\/wp-json\/wp\/v2\/pages\/393\/revisions\/653"}],"wp:attachment":[{"href":"https:\/\/refugiojuridico.com\/en\/wp-json\/wp\/v2\/media?parent=393"}],"curies":[{"name":"wp","href":"https:\/\/api.w.org\/{rel}","templated":true}]}}