{"id":432,"date":"2021-10-19T11:16:02","date_gmt":"2021-10-19T11:16:02","guid":{"rendered":"https:\/\/demosites.io\/neve-3\/?page_id=423"},"modified":"2023-02-28T03:26:35","modified_gmt":"2023-02-28T03:26:35","slug":"7b3c2-home-alt","status":"publish","type":"page","link":"https:\/\/refugiojuridico.com\/en\/7b3c2-home-alt\/","title":{"rendered":"Consultor\u00eda y asesor\u00eda jur\u00eddica"},"content":{"rendered":"\n<div style=\"height:40px\" aria-hidden=\"true\" class=\"wp-block-spacer\"><\/div>\n\n\n\n<h2 class=\"has-x-large-font-size wp-block-heading\">Consultor\u00eda y asesor\u00eda jur\u00eddica<\/h2>\n\n\n\n<div style=\"height:100px\" aria-hidden=\"true\" class=\"wp-block-spacer\"><\/div>\n\n\n\n<div class=\"wp-block-columns is-layout-flex wp-container-core-columns-is-layout-9d6595d7 wp-block-columns-is-layout-flex\">\n<div class=\"wp-block-column is-layout-flow wp-block-column-is-layout-flow\" style=\"flex-basis:10%\">\n<div class=\"wp-block-cover is-light\"><span aria-hidden=\"true\" class=\"wp-block-cover__background has-luminous-vivid-amber-background-color has-background-dim-100 has-background-dim\"><\/span><div class=\"wp-block-cover__inner-container is-layout-flow wp-block-cover-is-layout-flow\">\n<p class=\"has-text-align-center has-large-font-size\"><\/p>\n<\/div><\/div>\n<\/div>\n\n\n\n<div class=\"wp-block-column is-layout-flow wp-block-column-is-layout-flow\" style=\"flex-basis:80%\">\n<p><\/p>\n\n\n\n<p><\/p>\n\n\n\n<p class=\"has-text-align-justify has-medium-font-size\">Emitimos conceptos sobre temas de responsabilidad civil y contractual y extracontractual, cumplimiento de contratos y consecuencias en caso de incumplimiento; protecci\u00f3n de derechos de autor, patentes, marcas, dise\u00f1os industriales, etc.<\/p>\n\n\n\n<p class=\"has-medium-font-size\">Excepcionalmente realizamos formulaci\u00f3n de demandas de casaci\u00f3n.<\/p>\n\n\n\n<div style=\"height:100px\" aria-hidden=\"true\" class=\"wp-block-spacer\"><\/div>\n\n\n\n<p class=\"has-text-align-center has-large-font-size\" id=\"block-46a55560-10f3-4260-9cee-58403ba9189e\"><strong><em>An\u00edmense y estoy seguro podr\u00e9 atender el servicio de forma adecuada y eficiente.<\/em><\/strong><\/p>\n\n\n\n<div style=\"height:100px\" aria-hidden=\"true\" class=\"wp-block-spacer\"><\/div>\n\n\n\n<div class=\"wp-block-group\"><div class=\"wp-block-group__inner-container is-layout-constrained wp-block-group-is-layout-constrained\">\n<div class=\"wp-block-columns is-layout-flex wp-container-core-columns-is-layout-9d6595d7 wp-block-columns-is-layout-flex\">\n<div class=\"wp-block-column is-layout-flow wp-block-column-is-layout-flow\">\n<div class=\"wp-block-buttons is-layout-flex wp-block-buttons-is-layout-flex\">\n<div class=\"wp-block-button is-style-fill\"><a class=\"wp-block-button__link has-black-color has-cyan-bluish-gray-background-color has-text-color has-background wp-element-button\" href=\"https:\/\/refugiojuridico.com\/segunda-opinion-directamente-para-los-interesados-en-una-controversia-o-asunto-juridico\/\"><strong>Emisi\u00f3n de segunda opini\u00f3n<\/strong><\/a><\/div>\n<\/div>\n<\/div>\n\n\n\n<div class=\"wp-block-column is-vertically-aligned-center is-layout-flow wp-block-column-is-layout-flow\">\n<div class=\"wp-block-buttons is-layout-flex wp-block-buttons-is-layout-flex\">\n<div class=\"wp-block-button\"><a class=\"wp-block-button__link has-black-color has-cyan-bluish-gray-background-color has-text-color has-background wp-element-button\" href=\"https:\/\/refugiojuridico.com\/concepto-u-opinion-requerida-por-un-abogado\/\"><strong>Concepto u opini\u00f3n de un abogado<\/strong><\/a><\/div>\n<\/div>\n<\/div>\n<\/div>\n<\/div><\/div>\n\n\n\n<div style=\"height:100px\" aria-hidden=\"true\" class=\"wp-block-spacer\"><\/div>\n\n\n\n<div class=\"wp-block-buttons is-horizontal is-content-justification-center is-layout-flex wp-container-core-buttons-is-layout-499968f5 wp-block-buttons-is-layout-flex\">\n<div class=\"wp-block-button is-style-primary\"><a class=\"wp-block-button__link wp-element-button\" href=\"https:\/\/refugiojuridico.com\/contacto\/\">Cont\u00e1ctanos<\/a><\/div>\n<\/div>\n<\/div>\n\n\n\n<div class=\"wp-block-column is-layout-flow wp-block-column-is-layout-flow\" style=\"flex-basis:10%\"><\/div>\n<\/div>\n\n\n\n<div style=\"height:40px\" aria-hidden=\"true\" class=\"wp-block-spacer\"><\/div>\n\n\n\n<figure class=\"wp-block-gallery aligncenter has-nested-images columns-default is-cropped wp-block-gallery-1 is-layout-flex wp-block-gallery-is-layout-flex\">\n<figure class=\"wp-block-image size-full\"><img loading=\"lazy\" decoding=\"async\" width=\"1880\" height=\"1255\" data-id=\"632\" src=\"https:\/\/i0.wp.com\/refugiojuridico.com\/wp-content\/uploads\/2021\/02\/pexels-photo-8730785.jpeg?resize=1880%2C1255&#038;ssl=1\" alt=\"law book in a podium\" class=\"wp-image-632\" srcset=\"https:\/\/i0.wp.com\/refugiojuridico.com\/wp-content\/uploads\/2021\/02\/pexels-photo-8730785.jpeg?w=1880&amp;ssl=1 1880w, https:\/\/i0.wp.com\/refugiojuridico.com\/wp-content\/uploads\/2021\/02\/pexels-photo-8730785.jpeg?resize=300%2C200&amp;ssl=1 300w, https:\/\/i0.wp.com\/refugiojuridico.com\/wp-content\/uploads\/2021\/02\/pexels-photo-8730785.jpeg?resize=1024%2C684&amp;ssl=1 1024w, https:\/\/i0.wp.com\/refugiojuridico.com\/wp-content\/uploads\/2021\/02\/pexels-photo-8730785.jpeg?resize=768%2C513&amp;ssl=1 768w, https:\/\/i0.wp.com\/refugiojuridico.com\/wp-content\/uploads\/2021\/02\/pexels-photo-8730785.jpeg?resize=1536%2C1025&amp;ssl=1 1536w, https:\/\/i0.wp.com\/refugiojuridico.com\/wp-content\/uploads\/2021\/02\/pexels-photo-8730785.jpeg?resize=18%2C12&amp;ssl=1 18w, https:\/\/i0.wp.com\/refugiojuridico.com\/wp-content\/uploads\/2021\/02\/pexels-photo-8730785.jpeg?resize=600%2C401&amp;ssl=1 600w\" sizes=\"auto, (max-width: 1000px) 100vw, 1000px\" data-recalc-dims=\"1\" \/><figcaption class=\"wp-element-caption\">Photo by Mikhail Nilov on <a href=\"https:\/\/www.pexels.com\/photo\/law-book-in-a-podium-8730785\/\" rel=\"nofollow\">Pexels.com<\/a><\/figcaption><\/figure>\n<\/figure>\n\n\n\n<div style=\"height:20px\" aria-hidden=\"true\" class=\"wp-block-spacer\"><\/div>\n\n\n\n<pre class=\"wp-block-verse has-text-align-center has-medium-font-size\"><strong>&nbsp;<\/strong><\/pre>\n\n\n\n<div class=\"wp-block-columns are-vertically-aligned-top is-layout-flex wp-container-core-columns-is-layout-9d6595d7 wp-block-columns-is-layout-flex\">\n<div class=\"wp-block-column is-vertically-aligned-top is-layout-flow wp-block-column-is-layout-flow\">\n<p class=\"has-text-align-center\"> <\/p>\n<\/div>\n\n\n\n<div class=\"wp-block-column is-vertically-aligned-top is-layout-flow wp-block-column-is-layout-flow\">\n<p class=\"has-text-align-center\"> <\/p>\n<\/div>\n\n\n\n<div class=\"wp-block-column is-vertically-aligned-top is-layout-flow wp-block-column-is-layout-flow\"><\/div>\n<\/div>\n\n\n\n<div style=\"height:40px\" aria-hidden=\"true\" class=\"wp-block-spacer\"><\/div>\n\n\n\n<div class=\"wp-block-columns is-layout-flex wp-container-core-columns-is-layout-9d6595d7 wp-block-columns-is-layout-flex\">\n<div class=\"wp-block-column is-vertically-aligned-center is-layout-flow wp-block-column-is-layout-flow\"><\/div>\n\n\n\n<div class=\"wp-block-column is-vertically-aligned-center is-layout-flow wp-block-column-is-layout-flow\">\n<p style=\"font-size:0.9em\"><\/p>\n\n\n\n<h2 class=\"wp-block-heading\"><\/h2>\n\n\n\n<p><\/p>\n\n\n\n<div class=\"wp-block-buttons is-layout-flex wp-block-buttons-is-layout-flex\">\n\n<\/div>\n\n\n\n<p><\/p>\n<\/div>\n<\/div>\n\n\n\n<div style=\"height:20px\" aria-hidden=\"true\" class=\"wp-block-spacer\"><\/div>\n\n\n\n<p style=\"font-size:0.9em\"><strong>FROM OUR BLOG<\/strong><\/p>\n\n\n\n<div class=\"wp-block-query is-layout-flow wp-block-query-is-layout-flow\"><\/div>\n\n\n\n<div style=\"height:40px\" aria-hidden=\"true\" class=\"wp-block-spacer\"><\/div>\n","protected":false},"excerpt":{"rendered":"<p>Consultor\u00eda y asesor\u00eda jur\u00eddica Emitimos conceptos sobre temas de responsabilidad civil y contractual y extracontractual, cumplimiento de contratos y consecuencias en caso de incumplimiento; protecci\u00f3n de derechos de autor, patentes, marcas, dise\u00f1os&hellip;<\/p>\n","protected":false},"author":1,"featured_media":0,"parent":0,"menu_order":0,"comment_status":"closed","ping_status":"closed","template":"","meta":{"_themeisle_gutenberg_block_has_review":false,"jetpack_post_was_ever_published":false,"_ti_tpc_template_sync":false,"_ti_tpc_template_id":"ja4v4q0idrncwj8s2bif","footnotes":""},"class_list":["post-432","page","type-page","status-publish","hentry"],"yoast_head":"<!-- This site is optimized with the Yoast SEO plugin v22.2 - https:\/\/yoast.com\/wordpress\/plugins\/seo\/ -->\n<title>Consultor\u00eda y asesor\u00eda jur\u00eddica - Refugio Jur\u00eddico<\/title>\n<meta name=\"robots\" content=\"index, follow, max-snippet:-1, max-image-preview:large, max-video-preview:-1\" \/>\n<link rel=\"canonical\" href=\"https:\/\/refugiojuridico.com\/en\/7b3c2-home-alt\/\" \/>\n<meta property=\"og:locale\" content=\"en_US\" \/>\n<meta property=\"og:type\" content=\"article\" \/>\n<meta property=\"og:title\" content=\"Consultor\u00eda y asesor\u00eda jur\u00eddica - Refugio Jur\u00eddico\" \/>\n<meta property=\"og:description\" content=\"Consultor\u00eda y asesor\u00eda jur\u00eddica Emitimos conceptos sobre temas de responsabilidad civil y contractual y extracontractual, cumplimiento de contratos y consecuencias en caso de incumplimiento; protecci\u00f3n de derechos de autor, patentes, marcas, dise\u00f1os&hellip;\" \/>\n<meta property=\"og:url\" content=\"https:\/\/refugiojuridico.com\/en\/7b3c2-home-alt\/\" \/>\n<meta property=\"og:site_name\" content=\"Refugio Jur\u00eddico\" \/>\n<meta property=\"article:modified_time\" content=\"2023-02-28T03:26:35+00:00\" \/>\n<meta property=\"og:image\" content=\"https:\/\/refugiojuridico.com\/wp-content\/uploads\/2021\/02\/pexels-photo-8730785.jpeg\" \/>\n<meta name=\"twitter:card\" content=\"summary_large_image\" \/>\n<meta name=\"twitter:label1\" content=\"Est. reading time\" \/>\n\t<meta name=\"twitter:data1\" content=\"1 minute\" \/>\n<script type=\"application\/ld+json\" class=\"yoast-schema-graph\">{\"@context\":\"https:\/\/schema.org\",\"@graph\":[{\"@type\":\"WebPage\",\"@id\":\"https:\/\/refugiojuridico.com\/7b3c2-home-alt\/\",\"url\":\"https:\/\/refugiojuridico.com\/7b3c2-home-alt\/\",\"name\":\"Consultor\u00eda y asesor\u00eda jur\u00eddica - Refugio Jur\u00eddico\",\"isPartOf\":{\"@id\":\"https:\/\/refugiojuridico.com\/#website\"},\"primaryImageOfPage\":{\"@id\":\"https:\/\/refugiojuridico.com\/7b3c2-home-alt\/#primaryimage\"},\"image\":{\"@id\":\"https:\/\/refugiojuridico.com\/7b3c2-home-alt\/#primaryimage\"},\"thumbnailUrl\":\"https:\/\/refugiojuridico.com\/wp-content\/uploads\/2021\/02\/pexels-photo-8730785.jpeg\",\"datePublished\":\"2021-10-19T11:16:02+00:00\",\"dateModified\":\"2023-02-28T03:26:35+00:00\",\"breadcrumb\":{\"@id\":\"https:\/\/refugiojuridico.com\/7b3c2-home-alt\/#breadcrumb\"},\"inLanguage\":\"en-US\",\"potentialAction\":[{\"@type\":\"ReadAction\",\"target\":[\"https:\/\/refugiojuridico.com\/7b3c2-home-alt\/\"]}]},{\"@type\":\"ImageObject\",\"inLanguage\":\"en-US\",\"@id\":\"https:\/\/refugiojuridico.com\/7b3c2-home-alt\/#primaryimage\",\"url\":\"https:\/\/refugiojuridico.com\/wp-content\/uploads\/2021\/02\/pexels-photo-8730785.jpeg\",\"contentUrl\":\"https:\/\/refugiojuridico.com\/wp-content\/uploads\/2021\/02\/pexels-photo-8730785.jpeg\",\"width\":1880,\"height\":1255,\"caption\":\"Photo by Mikhail Nilov on Pexels.com\"},{\"@type\":\"BreadcrumbList\",\"@id\":\"https:\/\/refugiojuridico.com\/7b3c2-home-alt\/#breadcrumb\",\"itemListElement\":[{\"@type\":\"ListItem\",\"position\":1,\"name\":\"Home\",\"item\":\"https:\/\/refugiojuridico.com\/\"},{\"@type\":\"ListItem\",\"position\":2,\"name\":\"Consultor\u00eda y asesor\u00eda jur\u00eddica\"}]},{\"@type\":\"WebSite\",\"@id\":\"https:\/\/refugiojuridico.com\/#website\",\"url\":\"https:\/\/refugiojuridico.com\/\",\"name\":\"Refugio Jur\u00eddico\",\"description\":\"Consulta de temas jur\u00eddicos\",\"publisher\":{\"@id\":\"https:\/\/refugiojuridico.com\/#\/schema\/person\/2fdafa8790bfa1da36dc59e5142ec32b\"},\"potentialAction\":[{\"@type\":\"SearchAction\",\"target\":{\"@type\":\"EntryPoint\",\"urlTemplate\":\"https:\/\/refugiojuridico.com\/?s={search_term_string}\"},\"query-input\":\"required name=search_term_string\"}],\"inLanguage\":\"en-US\"},{\"@type\":[\"Person\",\"Organization\"],\"@id\":\"https:\/\/refugiojuridico.com\/#\/schema\/person\/2fdafa8790bfa1da36dc59e5142ec32b\",\"name\":\"gserrano60\",\"image\":{\"@type\":\"ImageObject\",\"inLanguage\":\"en-US\",\"@id\":\"https:\/\/refugiojuridico.com\/#\/schema\/person\/image\/\",\"url\":\"https:\/\/refugiojuridico.com\/wp-content\/uploads\/2023\/01\/Screen-Shot-2023-01-12-at-8.21.32-PM.png\",\"contentUrl\":\"https:\/\/refugiojuridico.com\/wp-content\/uploads\/2023\/01\/Screen-Shot-2023-01-12-at-8.21.32-PM.png\",\"width\":609,\"height\":446,\"caption\":\"gserrano60\"},\"logo\":{\"@id\":\"https:\/\/refugiojuridico.com\/#\/schema\/person\/image\/\"},\"sameAs\":[\"https:\/\/refugiojuridico.com\"]}]}<\/script>\n<!-- \/ Yoast SEO plugin. -->","yoast_head_json":{"title":"Consultor\u00eda y asesor\u00eda jur\u00eddica - Refugio Jur\u00eddico","robots":{"index":"index","follow":"follow","max-snippet":"max-snippet:-1","max-image-preview":"max-image-preview:large","max-video-preview":"max-video-preview:-1"},"canonical":"https:\/\/refugiojuridico.com\/en\/7b3c2-home-alt\/","og_locale":"en_US","og_type":"article","og_title":"Consultor\u00eda y asesor\u00eda jur\u00eddica - Refugio Jur\u00eddico","og_description":"Consultor\u00eda y asesor\u00eda jur\u00eddica Emitimos conceptos sobre temas de responsabilidad civil y contractual y extracontractual, cumplimiento de contratos y consecuencias en caso de incumplimiento; protecci\u00f3n de derechos de autor, patentes, marcas, dise\u00f1os&hellip;","og_url":"https:\/\/refugiojuridico.com\/en\/7b3c2-home-alt\/","og_site_name":"Refugio Jur\u00eddico","article_modified_time":"2023-02-28T03:26:35+00:00","og_image":[{"url":"https:\/\/refugiojuridico.com\/wp-content\/uploads\/2021\/02\/pexels-photo-8730785.jpeg"}],"twitter_card":"summary_large_image","twitter_misc":{"Est. reading time":"1 minute"},"schema":{"@context":"https:\/\/schema.org","@graph":[{"@type":"WebPage","@id":"https:\/\/refugiojuridico.com\/7b3c2-home-alt\/","url":"https:\/\/refugiojuridico.com\/7b3c2-home-alt\/","name":"Consultor\u00eda y asesor\u00eda jur\u00eddica - Refugio Jur\u00eddico","isPartOf":{"@id":"https:\/\/refugiojuridico.com\/#website"},"primaryImageOfPage":{"@id":"https:\/\/refugiojuridico.com\/7b3c2-home-alt\/#primaryimage"},"image":{"@id":"https:\/\/refugiojuridico.com\/7b3c2-home-alt\/#primaryimage"},"thumbnailUrl":"https:\/\/refugiojuridico.com\/wp-content\/uploads\/2021\/02\/pexels-photo-8730785.jpeg","datePublished":"2021-10-19T11:16:02+00:00","dateModified":"2023-02-28T03:26:35+00:00","breadcrumb":{"@id":"https:\/\/refugiojuridico.com\/7b3c2-home-alt\/#breadcrumb"},"inLanguage":"en-US","potentialAction":[{"@type":"ReadAction","target":["https:\/\/refugiojuridico.com\/7b3c2-home-alt\/"]}]},{"@type":"ImageObject","inLanguage":"en-US","@id":"https:\/\/refugiojuridico.com\/7b3c2-home-alt\/#primaryimage","url":"https:\/\/refugiojuridico.com\/wp-content\/uploads\/2021\/02\/pexels-photo-8730785.jpeg","contentUrl":"https:\/\/refugiojuridico.com\/wp-content\/uploads\/2021\/02\/pexels-photo-8730785.jpeg","width":1880,"height":1255,"caption":"Photo by Mikhail Nilov on Pexels.com"},{"@type":"BreadcrumbList","@id":"https:\/\/refugiojuridico.com\/7b3c2-home-alt\/#breadcrumb","itemListElement":[{"@type":"ListItem","position":1,"name":"Home","item":"https:\/\/refugiojuridico.com\/"},{"@type":"ListItem","position":2,"name":"Consultor\u00eda y asesor\u00eda jur\u00eddica"}]},{"@type":"WebSite","@id":"https:\/\/refugiojuridico.com\/#website","url":"https:\/\/refugiojuridico.com\/","name":"Refugio Jur\u00eddico","description":"Consulta de temas jur\u00eddicos","publisher":{"@id":"https:\/\/refugiojuridico.com\/#\/schema\/person\/2fdafa8790bfa1da36dc59e5142ec32b"},"potentialAction":[{"@type":"SearchAction","target":{"@type":"EntryPoint","urlTemplate":"https:\/\/refugiojuridico.com\/?s={search_term_string}"},"query-input":"required name=search_term_string"}],"inLanguage":"en-US"},{"@type":["Person","Organization"],"@id":"https:\/\/refugiojuridico.com\/#\/schema\/person\/2fdafa8790bfa1da36dc59e5142ec32b","name":"gserrano60","image":{"@type":"ImageObject","inLanguage":"en-US","@id":"https:\/\/refugiojuridico.com\/#\/schema\/person\/image\/","url":"https:\/\/refugiojuridico.com\/wp-content\/uploads\/2023\/01\/Screen-Shot-2023-01-12-at-8.21.32-PM.png","contentUrl":"https:\/\/refugiojuridico.com\/wp-content\/uploads\/2023\/01\/Screen-Shot-2023-01-12-at-8.21.32-PM.png","width":609,"height":446,"caption":"gserrano60"},"logo":{"@id":"https:\/\/refugiojuridico.com\/#\/schema\/person\/image\/"},"sameAs":["https:\/\/refugiojuridico.com"]}]}},"jetpack_likes_enabled":true,"jetpack_sharing_enabled":true,"_links":{"self":[{"href":"https:\/\/refugiojuridico.com\/en\/wp-json\/wp\/v2\/pages\/432","targetHints":{"allow":["GET"]}}],"collection":[{"href":"https:\/\/refugiojuridico.com\/en\/wp-json\/wp\/v2\/pages"}],"about":[{"href":"https:\/\/refugiojuridico.com\/en\/wp-json\/wp\/v2\/types\/page"}],"author":[{"embeddable":true,"href":"https:\/\/refugiojuridico.com\/en\/wp-json\/wp\/v2\/users\/1"}],"replies":[{"embeddable":true,"href":"https:\/\/refugiojuridico.com\/en\/wp-json\/wp\/v2\/comments?post=432"}],"version-history":[{"count":5,"href":"https:\/\/refugiojuridico.com\/en\/wp-json\/wp\/v2\/pages\/432\/revisions"}],"predecessor-version":[{"id":700,"href":"https:\/\/refugiojuridico.com\/en\/wp-json\/wp\/v2\/pages\/432\/revisions\/700"}],"wp:attachment":[{"href":"https:\/\/refugiojuridico.com\/en\/wp-json\/wp\/v2\/media?parent=432"}],"curies":[{"name":"wp","href":"https:\/\/api.w.org\/{rel}","templated":true}]}}