{"id":689,"date":"2023-02-28T03:10:44","date_gmt":"2023-02-28T03:10:44","guid":{"rendered":"https:\/\/refugiojuridico.com\/?page_id=689"},"modified":"2023-02-28T03:43:45","modified_gmt":"2023-02-28T03:43:45","slug":"segunda-opinion-directamente-para-los-interesados-en-una-controversia-o-asunto-juridico","status":"publish","type":"page","link":"https:\/\/refugiojuridico.com\/en\/segunda-opinion-directamente-para-los-interesados-en-una-controversia-o-asunto-juridico\/","title":{"rendered":"Emitimos segunda opini\u00f3n jur\u00eddica"},"content":{"rendered":"\n<div style=\"height:50px\" aria-hidden=\"true\" class=\"wp-block-spacer\"><\/div>\n\n\n\n<h2 id=\"wp-block-themeisle-blocks-advanced-heading-3cc37ef1\" class=\"wp-block-themeisle-blocks-advanced-heading wp-block-themeisle-blocks-advanced-heading-3cc37ef1\">Segunda opini\u00f3n directamente para los interesados en una controversia o asunto jur\u00eddico&nbsp;<\/h2>\n\n\n\n<div style=\"height:100px\" aria-hidden=\"true\" class=\"wp-block-spacer\"><\/div>\n\n\n\n<p class=\"has-medium-font-size\">Para los efectos del servicio profesional de la&nbsp;<em>\u201csegunda opini\u00f3n\u201d&nbsp;<\/em>ofrecido en el marco del emprendimiento difundido en la p\u00e1gina web&nbsp;<em>www.refugiojuridico.com<\/em>, se haya sujeto al cumplimiento de los deberes \u00e9ticos que en el \u00e1mbito profesional se contemplan en el C\u00f3digo Disciplinario del Abogado o Ley 1123 de 2007, en especial los relativos a (i).&nbsp;<em>\u201cProceder con lealtad y honradez en sus relaciones con los colegas\u201d;&nbsp;<\/em>(ii).<em>\u201cPrevenir litigios innecesarios, inocuos o fraudulentos y facilitar los mecanismos de soluci\u00f3n alternativa de conflictos\u201d;&nbsp;<\/em>(iii).<em>\u201c&nbsp;Informar con veracidad a su cliente sobre las siguientes situaciones: a) Las posibilidades de la gesti\u00f3n, sin crear falsas expectativas, magnificar las dificultades ni asegurar un resultado favorable; b) Las relaciones de parentesco, amistad o inter\u00e9s con la parte contraria o cualquier situaci\u00f3n que pueda afectar su independencia o configurar un motivo determinante para la interrupci\u00f3n de la relaci\u00f3n profesional; c) La constante evoluci\u00f3n del asunto encomendado y las posibilidades de mecanismos alternos de soluci\u00f3n de conflictos\u201d<\/em>.<\/p>\n\n\n\n<div style=\"height:50px\" aria-hidden=\"true\" class=\"wp-block-spacer\"><\/div>\n\n\n\n<p class=\"has-medium-font-size\">En cuanto al objeto del servicio de la&nbsp;<em>\u201csegunda opini\u00f3n\u201d&nbsp;<\/em>, puede darse por ejemplo, cuando se ha consultado el asunto a un profesional del derecho y ha planteado diferentes soluciones al problema, sin que el interesado haya alcanzado certeza de la gesti\u00f3n que corresponde adelantar, o de la manera como se va a enfrentar la controversia existente, o no le ha inspirado la suficiente confianza en cuanto a la estrategia formulada y dada tal incertidumbre se busca a trav\u00e9s del citado mecanismo, orientaci\u00f3n m\u00e1s concreta, fundada, adecuada y convincente.<\/p>\n\n\n\n<div style=\"height:50px\" aria-hidden=\"true\" class=\"wp-block-spacer\"><\/div>\n\n\n\n<p class=\"has-medium-font-size\">La&nbsp;<em>\u201csegunda opini\u00f3n\u201d&nbsp;<\/em>implica efectuar una adecuada entrevista al interesado, entre otros aspectos, acerca de los hechos que enmarcan el conflicto o asunto; el inter\u00e9s o expectativa sobre los resultados respecto del tr\u00e1mite o actuaci\u00f3n que est\u00e1 adelantando, o se pretenda promover; el criterio dado a conocer por el abogado a quien se consult\u00f3 con antelaci\u00f3n; las pruebas que se hallan en su poder o que conozca tiene la contraparte o ante quien deba plantearse la reclamaci\u00f3n; aspectos del conocimiento personal de su contrincante, etc., y de acuerdo con ello, emitir el concepto requerido.<\/p>\n","protected":false},"excerpt":{"rendered":"<p>Para los efectos del servicio profesional de la&nbsp;\u201csegunda opini\u00f3n\u201d&nbsp;ofrecido en el marco del emprendimiento difundido en la p\u00e1gina web&nbsp;www.refugiojuridico.com, se haya sujeto al cumplimiento de los deberes \u00e9ticos que en el \u00e1mbito&hellip;<\/p>\n","protected":false},"author":1,"featured_media":703,"parent":0,"menu_order":0,"comment_status":"open","ping_status":"closed","template":"","meta":{"_themeisle_gutenberg_block_has_review":false,"jetpack_post_was_ever_published":false,"_ti_tpc_template_sync":false,"_ti_tpc_template_id":"","footnotes":""},"class_list":["post-689","page","type-page","status-publish","has-post-thumbnail","hentry"],"yoast_head":"<!-- This site is optimized with the Yoast SEO plugin v22.2 - https:\/\/yoast.com\/wordpress\/plugins\/seo\/ -->\n<title>Emitimos segunda opini\u00f3n jur\u00eddica - Refugio Jur\u00eddico<\/title>\n<meta name=\"robots\" content=\"index, follow, max-snippet:-1, max-image-preview:large, max-video-preview:-1\" \/>\n<link rel=\"canonical\" href=\"https:\/\/refugiojuridico.com\/en\/segunda-opinion-directamente-para-los-interesados-en-una-controversia-o-asunto-juridico\/\" \/>\n<meta property=\"og:locale\" content=\"en_US\" \/>\n<meta property=\"og:type\" content=\"article\" \/>\n<meta property=\"og:title\" content=\"Emitimos segunda opini\u00f3n jur\u00eddica - Refugio Jur\u00eddico\" \/>\n<meta property=\"og:description\" content=\"Para los efectos del servicio profesional de la&nbsp;\u201csegunda opini\u00f3n\u201d&nbsp;ofrecido en el marco del emprendimiento difundido en la p\u00e1gina web&nbsp;www.refugiojuridico.com, se haya sujeto al cumplimiento de los deberes \u00e9ticos que en el \u00e1mbito&hellip;\" \/>\n<meta property=\"og:url\" content=\"https:\/\/refugiojuridico.com\/en\/segunda-opinion-directamente-para-los-interesados-en-una-controversia-o-asunto-juridico\/\" \/>\n<meta property=\"og:site_name\" content=\"Refugio Jur\u00eddico\" \/>\n<meta property=\"article:modified_time\" content=\"2023-02-28T03:43:45+00:00\" \/>\n<meta property=\"og:image\" content=\"https:\/\/refugiojuridico.com\/wp-content\/uploads\/2023\/02\/pexels-photo-288477.jpeg\" \/>\n\t<meta property=\"og:image:width\" content=\"1733\" \/>\n\t<meta property=\"og:image:height\" content=\"1300\" \/>\n\t<meta property=\"og:image:type\" content=\"image\/jpeg\" \/>\n<meta name=\"twitter:card\" content=\"summary_large_image\" \/>\n<meta name=\"twitter:label1\" content=\"Est. reading time\" \/>\n\t<meta name=\"twitter:data1\" content=\"2 minutes\" \/>\n<script type=\"application\/ld+json\" class=\"yoast-schema-graph\">{\"@context\":\"https:\/\/schema.org\",\"@graph\":[{\"@type\":\"WebPage\",\"@id\":\"https:\/\/refugiojuridico.com\/segunda-opinion-directamente-para-los-interesados-en-una-controversia-o-asunto-juridico\/\",\"url\":\"https:\/\/refugiojuridico.com\/segunda-opinion-directamente-para-los-interesados-en-una-controversia-o-asunto-juridico\/\",\"name\":\"Emitimos segunda opini\u00f3n jur\u00eddica - Refugio Jur\u00eddico\",\"isPartOf\":{\"@id\":\"https:\/\/refugiojuridico.com\/#website\"},\"primaryImageOfPage\":{\"@id\":\"https:\/\/refugiojuridico.com\/segunda-opinion-directamente-para-los-interesados-en-una-controversia-o-asunto-juridico\/#primaryimage\"},\"image\":{\"@id\":\"https:\/\/refugiojuridico.com\/segunda-opinion-directamente-para-los-interesados-en-una-controversia-o-asunto-juridico\/#primaryimage\"},\"thumbnailUrl\":\"https:\/\/refugiojuridico.com\/wp-content\/uploads\/2023\/02\/pexels-photo-288477.jpeg\",\"datePublished\":\"2023-02-28T03:10:44+00:00\",\"dateModified\":\"2023-02-28T03:43:45+00:00\",\"breadcrumb\":{\"@id\":\"https:\/\/refugiojuridico.com\/segunda-opinion-directamente-para-los-interesados-en-una-controversia-o-asunto-juridico\/#breadcrumb\"},\"inLanguage\":\"en-US\",\"potentialAction\":[{\"@type\":\"ReadAction\",\"target\":[\"https:\/\/refugiojuridico.com\/segunda-opinion-directamente-para-los-interesados-en-una-controversia-o-asunto-juridico\/\"]}]},{\"@type\":\"ImageObject\",\"inLanguage\":\"en-US\",\"@id\":\"https:\/\/refugiojuridico.com\/segunda-opinion-directamente-para-los-interesados-en-una-controversia-o-asunto-juridico\/#primaryimage\",\"url\":\"https:\/\/refugiojuridico.com\/wp-content\/uploads\/2023\/02\/pexels-photo-288477.jpeg\",\"contentUrl\":\"https:\/\/refugiojuridico.com\/wp-content\/uploads\/2023\/02\/pexels-photo-288477.jpeg\",\"width\":1733,\"height\":1300,\"caption\":\"Photo by energepic.com on Pexels.com\"},{\"@type\":\"BreadcrumbList\",\"@id\":\"https:\/\/refugiojuridico.com\/segunda-opinion-directamente-para-los-interesados-en-una-controversia-o-asunto-juridico\/#breadcrumb\",\"itemListElement\":[{\"@type\":\"ListItem\",\"position\":1,\"name\":\"Home\",\"item\":\"https:\/\/refugiojuridico.com\/\"},{\"@type\":\"ListItem\",\"position\":2,\"name\":\"Emitimos segunda opini\u00f3n jur\u00eddica\"}]},{\"@type\":\"WebSite\",\"@id\":\"https:\/\/refugiojuridico.com\/#website\",\"url\":\"https:\/\/refugiojuridico.com\/\",\"name\":\"Refugio Jur\u00eddico\",\"description\":\"Consulta de temas jur\u00eddicos\",\"publisher\":{\"@id\":\"https:\/\/refugiojuridico.com\/#\/schema\/person\/2fdafa8790bfa1da36dc59e5142ec32b\"},\"potentialAction\":[{\"@type\":\"SearchAction\",\"target\":{\"@type\":\"EntryPoint\",\"urlTemplate\":\"https:\/\/refugiojuridico.com\/?s={search_term_string}\"},\"query-input\":\"required name=search_term_string\"}],\"inLanguage\":\"en-US\"},{\"@type\":[\"Person\",\"Organization\"],\"@id\":\"https:\/\/refugiojuridico.com\/#\/schema\/person\/2fdafa8790bfa1da36dc59e5142ec32b\",\"name\":\"gserrano60\",\"image\":{\"@type\":\"ImageObject\",\"inLanguage\":\"en-US\",\"@id\":\"https:\/\/refugiojuridico.com\/#\/schema\/person\/image\/\",\"url\":\"https:\/\/refugiojuridico.com\/wp-content\/uploads\/2023\/01\/Screen-Shot-2023-01-12-at-8.21.32-PM.png\",\"contentUrl\":\"https:\/\/refugiojuridico.com\/wp-content\/uploads\/2023\/01\/Screen-Shot-2023-01-12-at-8.21.32-PM.png\",\"width\":609,\"height\":446,\"caption\":\"gserrano60\"},\"logo\":{\"@id\":\"https:\/\/refugiojuridico.com\/#\/schema\/person\/image\/\"},\"sameAs\":[\"https:\/\/refugiojuridico.com\"]}]}<\/script>\n<!-- \/ Yoast SEO plugin. -->","yoast_head_json":{"title":"Emitimos segunda opini\u00f3n jur\u00eddica - Refugio Jur\u00eddico","robots":{"index":"index","follow":"follow","max-snippet":"max-snippet:-1","max-image-preview":"max-image-preview:large","max-video-preview":"max-video-preview:-1"},"canonical":"https:\/\/refugiojuridico.com\/en\/segunda-opinion-directamente-para-los-interesados-en-una-controversia-o-asunto-juridico\/","og_locale":"en_US","og_type":"article","og_title":"Emitimos segunda opini\u00f3n jur\u00eddica - Refugio Jur\u00eddico","og_description":"Para los efectos del servicio profesional de la&nbsp;\u201csegunda opini\u00f3n\u201d&nbsp;ofrecido en el marco del emprendimiento difundido en la p\u00e1gina web&nbsp;www.refugiojuridico.com, se haya sujeto al cumplimiento de los deberes \u00e9ticos que en el \u00e1mbito&hellip;","og_url":"https:\/\/refugiojuridico.com\/en\/segunda-opinion-directamente-para-los-interesados-en-una-controversia-o-asunto-juridico\/","og_site_name":"Refugio Jur\u00eddico","article_modified_time":"2023-02-28T03:43:45+00:00","og_image":[{"width":1733,"height":1300,"url":"https:\/\/refugiojuridico.com\/wp-content\/uploads\/2023\/02\/pexels-photo-288477.jpeg","type":"image\/jpeg"}],"twitter_card":"summary_large_image","twitter_misc":{"Est. reading time":"2 minutes"},"schema":{"@context":"https:\/\/schema.org","@graph":[{"@type":"WebPage","@id":"https:\/\/refugiojuridico.com\/segunda-opinion-directamente-para-los-interesados-en-una-controversia-o-asunto-juridico\/","url":"https:\/\/refugiojuridico.com\/segunda-opinion-directamente-para-los-interesados-en-una-controversia-o-asunto-juridico\/","name":"Emitimos segunda opini\u00f3n jur\u00eddica - Refugio Jur\u00eddico","isPartOf":{"@id":"https:\/\/refugiojuridico.com\/#website"},"primaryImageOfPage":{"@id":"https:\/\/refugiojuridico.com\/segunda-opinion-directamente-para-los-interesados-en-una-controversia-o-asunto-juridico\/#primaryimage"},"image":{"@id":"https:\/\/refugiojuridico.com\/segunda-opinion-directamente-para-los-interesados-en-una-controversia-o-asunto-juridico\/#primaryimage"},"thumbnailUrl":"https:\/\/refugiojuridico.com\/wp-content\/uploads\/2023\/02\/pexels-photo-288477.jpeg","datePublished":"2023-02-28T03:10:44+00:00","dateModified":"2023-02-28T03:43:45+00:00","breadcrumb":{"@id":"https:\/\/refugiojuridico.com\/segunda-opinion-directamente-para-los-interesados-en-una-controversia-o-asunto-juridico\/#breadcrumb"},"inLanguage":"en-US","potentialAction":[{"@type":"ReadAction","target":["https:\/\/refugiojuridico.com\/segunda-opinion-directamente-para-los-interesados-en-una-controversia-o-asunto-juridico\/"]}]},{"@type":"ImageObject","inLanguage":"en-US","@id":"https:\/\/refugiojuridico.com\/segunda-opinion-directamente-para-los-interesados-en-una-controversia-o-asunto-juridico\/#primaryimage","url":"https:\/\/refugiojuridico.com\/wp-content\/uploads\/2023\/02\/pexels-photo-288477.jpeg","contentUrl":"https:\/\/refugiojuridico.com\/wp-content\/uploads\/2023\/02\/pexels-photo-288477.jpeg","width":1733,"height":1300,"caption":"Photo by energepic.com on Pexels.com"},{"@type":"BreadcrumbList","@id":"https:\/\/refugiojuridico.com\/segunda-opinion-directamente-para-los-interesados-en-una-controversia-o-asunto-juridico\/#breadcrumb","itemListElement":[{"@type":"ListItem","position":1,"name":"Home","item":"https:\/\/refugiojuridico.com\/"},{"@type":"ListItem","position":2,"name":"Emitimos segunda opini\u00f3n jur\u00eddica"}]},{"@type":"WebSite","@id":"https:\/\/refugiojuridico.com\/#website","url":"https:\/\/refugiojuridico.com\/","name":"Refugio Jur\u00eddico","description":"Consulta de temas jur\u00eddicos","publisher":{"@id":"https:\/\/refugiojuridico.com\/#\/schema\/person\/2fdafa8790bfa1da36dc59e5142ec32b"},"potentialAction":[{"@type":"SearchAction","target":{"@type":"EntryPoint","urlTemplate":"https:\/\/refugiojuridico.com\/?s={search_term_string}"},"query-input":"required name=search_term_string"}],"inLanguage":"en-US"},{"@type":["Person","Organization"],"@id":"https:\/\/refugiojuridico.com\/#\/schema\/person\/2fdafa8790bfa1da36dc59e5142ec32b","name":"gserrano60","image":{"@type":"ImageObject","inLanguage":"en-US","@id":"https:\/\/refugiojuridico.com\/#\/schema\/person\/image\/","url":"https:\/\/refugiojuridico.com\/wp-content\/uploads\/2023\/01\/Screen-Shot-2023-01-12-at-8.21.32-PM.png","contentUrl":"https:\/\/refugiojuridico.com\/wp-content\/uploads\/2023\/01\/Screen-Shot-2023-01-12-at-8.21.32-PM.png","width":609,"height":446,"caption":"gserrano60"},"logo":{"@id":"https:\/\/refugiojuridico.com\/#\/schema\/person\/image\/"},"sameAs":["https:\/\/refugiojuridico.com"]}]}},"jetpack_likes_enabled":true,"jetpack_sharing_enabled":true,"_links":{"self":[{"href":"https:\/\/refugiojuridico.com\/en\/wp-json\/wp\/v2\/pages\/689","targetHints":{"allow":["GET"]}}],"collection":[{"href":"https:\/\/refugiojuridico.com\/en\/wp-json\/wp\/v2\/pages"}],"about":[{"href":"https:\/\/refugiojuridico.com\/en\/wp-json\/wp\/v2\/types\/page"}],"author":[{"embeddable":true,"href":"https:\/\/refugiojuridico.com\/en\/wp-json\/wp\/v2\/users\/1"}],"replies":[{"embeddable":true,"href":"https:\/\/refugiojuridico.com\/en\/wp-json\/wp\/v2\/comments?post=689"}],"version-history":[{"count":5,"href":"https:\/\/refugiojuridico.com\/en\/wp-json\/wp\/v2\/pages\/689\/revisions"}],"predecessor-version":[{"id":707,"href":"https:\/\/refugiojuridico.com\/en\/wp-json\/wp\/v2\/pages\/689\/revisions\/707"}],"wp:featuredmedia":[{"embeddable":true,"href":"https:\/\/refugiojuridico.com\/en\/wp-json\/wp\/v2\/media\/703"}],"wp:attachment":[{"href":"https:\/\/refugiojuridico.com\/en\/wp-json\/wp\/v2\/media?parent=689"}],"curies":[{"name":"wp","href":"https:\/\/api.w.org\/{rel}","templated":true}]}}