{"id":69,"date":"2021-02-18T10:59:27","date_gmt":"2021-02-18T10:59:27","guid":{"rendered":"https:\/\/demosites.io\/neve-3\/shop\/"},"modified":"2023-02-28T02:13:14","modified_gmt":"2023-02-28T02:13:14","slug":"7b3c2-patterns","status":"publish","type":"page","link":"https:\/\/refugiojuridico.com\/en\/7b3c2-patterns\/","title":{"rendered":"Servicios"},"content":{"rendered":"\n<div style=\"height:40px\" aria-hidden=\"true\" class=\"wp-block-spacer\"><\/div>\n\n\n\n<h1 class=\"wp-block-heading\">Servicios<\/h1>\n\n\n\n<div style=\"height:100px\" aria-hidden=\"true\" class=\"wp-block-spacer\"><\/div>\n\n\n\n<h2 id=\"wp-block-themeisle-blocks-advanced-heading-5cc5f512\" class=\"wp-block-themeisle-blocks-advanced-heading wp-block-themeisle-blocks-advanced-heading-5cc5f512\">Consultor\u00eda y asesor\u00eda jur\u00eddica<\/h2>\n\n\n\n<div style=\"height:100px\" aria-hidden=\"true\" class=\"wp-block-spacer\"><\/div>\n\n\n\n<p class=\"has-medium-font-size\">&#8211;<strong>Concepto u opini\u00f3n requerida por un abogado<\/strong>.<\/p>\n\n\n\n<p class=\"has-medium-font-size\">&#8211;<strong>Segunda opini\u00f3n directamente para los interesados en una controversia o asunto jur\u00eddico<\/strong><\/p>\n\n\n\n<div style=\"height:100px\" aria-hidden=\"true\" class=\"wp-block-spacer\"><\/div>\n\n\n\n<h2 class=\"wp-block-heading\">Actividades acad\u00e9micas<\/h2>\n\n\n\n<div style=\"height:100px\" aria-hidden=\"true\" class=\"wp-block-spacer\"><\/div>\n\n\n\n<figure class=\"wp-block-image size-full\"><img loading=\"lazy\" decoding=\"async\" width=\"1880\" height=\"1255\" src=\"https:\/\/i0.wp.com\/refugiojuridico.com\/wp-content\/uploads\/2021\/02\/pexels-photo-3183197.jpeg?resize=1880%2C1255&#038;ssl=1\" alt=\"photo of people doing handshakes\" class=\"wp-image-633\" srcset=\"https:\/\/i0.wp.com\/refugiojuridico.com\/wp-content\/uploads\/2021\/02\/pexels-photo-3183197.jpeg?w=1880&amp;ssl=1 1880w, https:\/\/i0.wp.com\/refugiojuridico.com\/wp-content\/uploads\/2021\/02\/pexels-photo-3183197.jpeg?resize=300%2C200&amp;ssl=1 300w, https:\/\/i0.wp.com\/refugiojuridico.com\/wp-content\/uploads\/2021\/02\/pexels-photo-3183197.jpeg?resize=1024%2C684&amp;ssl=1 1024w, https:\/\/i0.wp.com\/refugiojuridico.com\/wp-content\/uploads\/2021\/02\/pexels-photo-3183197.jpeg?resize=768%2C513&amp;ssl=1 768w, https:\/\/i0.wp.com\/refugiojuridico.com\/wp-content\/uploads\/2021\/02\/pexels-photo-3183197.jpeg?resize=1536%2C1025&amp;ssl=1 1536w, https:\/\/i0.wp.com\/refugiojuridico.com\/wp-content\/uploads\/2021\/02\/pexels-photo-3183197.jpeg?resize=18%2C12&amp;ssl=1 18w, https:\/\/i0.wp.com\/refugiojuridico.com\/wp-content\/uploads\/2021\/02\/pexels-photo-3183197.jpeg?resize=600%2C401&amp;ssl=1 600w\" sizes=\"auto, (max-width: 1000px) 100vw, 1000px\" data-recalc-dims=\"1\" \/><figcaption class=\"wp-element-caption\">Photo by fauxels on <a href=\"https:\/\/www.pexels.com\/photo\/photo-of-people-doing-handshakes-3183197\/\" rel=\"nofollow\">Pexels.com<\/a><\/figcaption><\/figure>\n\n\n\n<div class=\"wp-block-columns are-vertically-aligned-center is-layout-flex wp-container-core-columns-is-layout-9d6595d7 wp-block-columns-is-layout-flex\">\n<div class=\"wp-block-column is-vertically-aligned-center is-layout-flow wp-block-column-is-layout-flow\">\n<div id=\"wp-block-themeisle-blocks-advanced-columns-0ca91284\" class=\"wp-block-themeisle-blocks-advanced-columns has-0-columns has-desktop-oneTwo-layout has-tablet-equal-layout has-mobile-collapsedRows-layout has-vertical-unset\"><div class=\"wp-block-themeisle-blocks-advanced-columns-overlay\"><\/div><div class=\"innerblocks-wrap\"><\/div><\/div>\n\n\n\n<p><\/p>\n\n\n<style type=\"text\/css\">.otter-masonry .blocks-gallery-grid .blocks-gallery-item img{ width:100% }<\/style><div class=\"otter-masonry\" data-margin=\"10\">\n<figure class=\"wp-block-gallery has-nested-images columns-default is-cropped wp-block-gallery-1 is-layout-flex wp-block-gallery-is-layout-flex\">\n<figure class=\"wp-block-image size-large\"><img loading=\"lazy\" decoding=\"async\" width=\"1024\" height=\"682\" data-id=\"638\" src=\"https:\/\/i0.wp.com\/refugiojuridico.com\/wp-content\/uploads\/2021\/02\/pexels-photo-5792852.jpeg?resize=1024%2C682&#038;ssl=1\" alt=\"books placed on shelf with potted plants\" class=\"wp-image-638\" srcset=\"https:\/\/i0.wp.com\/refugiojuridico.com\/wp-content\/uploads\/2021\/02\/pexels-photo-5792852.jpeg?resize=1024%2C682&amp;ssl=1 1024w, https:\/\/i0.wp.com\/refugiojuridico.com\/wp-content\/uploads\/2021\/02\/pexels-photo-5792852.jpeg?resize=300%2C200&amp;ssl=1 300w, https:\/\/i0.wp.com\/refugiojuridico.com\/wp-content\/uploads\/2021\/02\/pexels-photo-5792852.jpeg?resize=768%2C512&amp;ssl=1 768w, https:\/\/i0.wp.com\/refugiojuridico.com\/wp-content\/uploads\/2021\/02\/pexels-photo-5792852.jpeg?resize=1536%2C1024&amp;ssl=1 1536w, https:\/\/i0.wp.com\/refugiojuridico.com\/wp-content\/uploads\/2021\/02\/pexels-photo-5792852.jpeg?resize=18%2C12&amp;ssl=1 18w, https:\/\/i0.wp.com\/refugiojuridico.com\/wp-content\/uploads\/2021\/02\/pexels-photo-5792852.jpeg?resize=600%2C400&amp;ssl=1 600w, https:\/\/i0.wp.com\/refugiojuridico.com\/wp-content\/uploads\/2021\/02\/pexels-photo-5792852.jpeg?w=1880&amp;ssl=1 1880w\" sizes=\"auto, (max-width: 1000px) 100vw, 1000px\" data-recalc-dims=\"1\" \/><figcaption class=\"wp-element-caption\">Photo by Laker on <a href=\"https:\/\/www.pexels.com\/photo\/books-placed-on-shelf-with-potted-plants-5792852\/\" rel=\"nofollow\">Pexels.com<\/a><\/figcaption><\/figure>\n<\/figure>\n<\/div>\n\n\n<div id=\"wp-block-themeisle-blocks-icon-list-bd64133c\" class=\"wp-block-themeisle-blocks-icon-list\">\n<div id=\"wp-block-themeisle-blocks-icon-list-item-4c20a9cd\" class=\"wp-block-themeisle-blocks-icon-list-item\"><i class=\"fas fa-angle-right wp-block-themeisle-blocks-icon-list-item-icon\"><\/i><p class=\"wp-block-themeisle-blocks-icon-list-item-content\"><\/p><\/div>\n<\/div>\n<\/div>\n\n\n\n<div class=\"wp-block-column is-vertically-aligned-center is-layout-flow wp-block-column-is-layout-flow\" style=\"flex-basis:30%\"><div class=\"wp-block-calendar\"><table id=\"wp-calendar\" class=\"wp-calendar-table\">\n\t<caption>May 2026<\/caption>\n\t<thead>\n\t<tr>\n\t\t<th scope=\"col\" aria-label=\"Monday\">M<\/th>\n\t\t<th scope=\"col\" aria-label=\"Tuesday\">T<\/th>\n\t\t<th scope=\"col\" aria-label=\"Wednesday\">W<\/th>\n\t\t<th scope=\"col\" aria-label=\"Thursday\">T<\/th>\n\t\t<th scope=\"col\" aria-label=\"Friday\">F<\/th>\n\t\t<th scope=\"col\" aria-label=\"Saturday\">S<\/th>\n\t\t<th scope=\"col\" aria-label=\"Sunday\">S<\/th>\n\t<\/tr>\n\t<\/thead>\n\t<tbody>\n\t<tr>\n\t\t<td colspan=\"4\" class=\"pad\">&nbsp;<\/td><td>1<\/td><td>2<\/td><td id=\"today\">3<\/td>\n\t<\/tr>\n\t<tr>\n\t\t<td>4<\/td><td>5<\/td><td>6<\/td><td>7<\/td><td>8<\/td><td>9<\/td><td>10<\/td>\n\t<\/tr>\n\t<tr>\n\t\t<td>11<\/td><td>12<\/td><td>13<\/td><td>14<\/td><td>15<\/td><td>16<\/td><td>17<\/td>\n\t<\/tr>\n\t<tr>\n\t\t<td>18<\/td><td>19<\/td><td>20<\/td><td>21<\/td><td>22<\/td><td>23<\/td><td>24<\/td>\n\t<\/tr>\n\t<tr>\n\t\t<td>25<\/td><td>26<\/td><td>27<\/td><td>28<\/td><td>29<\/td><td>30<\/td><td>31<\/td>\n\t<\/tr>\n\t<\/tbody>\n\t<\/table><nav aria-label=\"Previous and next months\" class=\"wp-calendar-nav\">\n\t\t<span class=\"wp-calendar-nav-prev\"><a href=\"https:\/\/refugiojuridico.com\/en\/2024\/10\">&laquo; Oct<\/a><\/span>\n\t\t<span class=\"pad\">&nbsp;<\/span>\n\t\t<span class=\"wp-calendar-nav-next\">&nbsp;<\/span>\n\t<\/nav><\/div><\/div>\n<\/div>\n\n\n\n<div id=\"wp-block-themeisle-blocks-icon-list-20856944\" class=\"wp-block-themeisle-blocks-icon-list\">\n<div id=\"wp-block-themeisle-blocks-icon-list-item-7899a8dc\" class=\"wp-block-themeisle-blocks-icon-list-item\"><i class=\"fas fa-angle-right wp-block-themeisle-blocks-icon-list-item-icon\"><\/i><p class=\"wp-block-themeisle-blocks-icon-list-item-content\"><\/p><\/div>\n<\/div>\n\n\n\n<div id=\"wp-block-themeisle-blocks-accordion-4d6a74bb\" class=\"wp-block-themeisle-blocks-accordion exclusive\">\n<details class=\"wp-block-themeisle-blocks-accordion-item\"><summary class=\"wp-block-themeisle-blocks-accordion-item__title\"><div><\/div><\/summary><div class=\"wp-block-themeisle-blocks-accordion-item__content\">\n<p><\/p>\n<\/div><\/details>\n<\/div>\n\n\n\n<div class=\"wp-block-group\"><div class=\"wp-block-group__inner-container is-layout-flow wp-block-group-is-layout-flow\">\n<figure class=\"wp-block-gallery has-nested-images columns-2 is-cropped wp-block-gallery-2 is-layout-flex wp-block-gallery-is-layout-flex\"><\/figure>\n<\/div><\/div>\n\n\n\n<div style=\"height:40px\" aria-hidden=\"true\" class=\"wp-block-spacer\"><\/div>\n\n\n\n<div class=\"wp-block-columns is-layout-flex wp-container-core-columns-is-layout-9d6595d7 wp-block-columns-is-layout-flex\">\n<div class=\"wp-block-column is-layout-flow wp-block-column-is-layout-flow\">\n<h3 class=\"wp-block-heading\"><\/h3>\n\n\n\n<p> <\/p>\n\n\n\n<div style=\"height:30px\" aria-hidden=\"true\" class=\"wp-block-spacer\"><\/div>\n<\/div>\n\n\n\n<div class=\"wp-block-column is-layout-flow wp-block-column-is-layout-flow\">\n<h3 class=\"wp-block-heading\"><\/h3>\n\n\n\n<p><\/p>\n\n\n\n<div style=\"height:30px\" aria-hidden=\"true\" class=\"wp-block-spacer\"><\/div>\n<\/div>\n\n\n\n<div class=\"wp-block-column is-layout-flow wp-block-column-is-layout-flow\">\n<h3 class=\"wp-block-heading\"><\/h3>\n\n\n\n<p><\/p>\n\n\n\n<div style=\"height:30px\" aria-hidden=\"true\" class=\"wp-block-spacer\"><\/div>\n<\/div>\n<\/div>\n\n\n\n<div style=\"height:20px\" aria-hidden=\"true\" class=\"wp-block-spacer\"><\/div>\n","protected":false},"excerpt":{"rendered":"<p>Servicios &#8211;Concepto u opini\u00f3n requerida por un abogado. &#8211;Segunda opini\u00f3n directamente para los interesados en una controversia o asunto jur\u00eddico Actividades acad\u00e9micas<\/p>\n","protected":false},"author":1,"featured_media":0,"parent":0,"menu_order":0,"comment_status":"closed","ping_status":"closed","template":"","meta":{"_themeisle_gutenberg_block_has_review":false,"jetpack_post_was_ever_published":false,"_ti_tpc_template_sync":false,"_ti_tpc_template_id":"8tfaut90mo4vul3r5n8o","footnotes":""},"class_list":["post-69","page","type-page","status-publish","hentry"],"yoast_head":"<!-- This site is optimized with the Yoast SEO plugin v22.2 - https:\/\/yoast.com\/wordpress\/plugins\/seo\/ -->\n<title>Servicios - Refugio Jur\u00eddico<\/title>\n<meta name=\"robots\" content=\"index, follow, max-snippet:-1, max-image-preview:large, max-video-preview:-1\" \/>\n<link rel=\"canonical\" href=\"https:\/\/refugiojuridico.com\/en\/7b3c2-patterns\/\" \/>\n<meta property=\"og:locale\" content=\"en_US\" \/>\n<meta property=\"og:type\" content=\"article\" \/>\n<meta property=\"og:title\" content=\"Servicios - Refugio Jur\u00eddico\" \/>\n<meta property=\"og:description\" content=\"Servicios &#8211;Concepto u opini\u00f3n requerida por un abogado. &#8211;Segunda opini\u00f3n directamente para los interesados en una controversia o asunto jur\u00eddico Actividades acad\u00e9micas\" \/>\n<meta property=\"og:url\" content=\"https:\/\/refugiojuridico.com\/en\/7b3c2-patterns\/\" \/>\n<meta property=\"og:site_name\" content=\"Refugio Jur\u00eddico\" \/>\n<meta property=\"article:modified_time\" content=\"2023-02-28T02:13:14+00:00\" \/>\n<meta property=\"og:image\" content=\"https:\/\/refugiojuridico.com\/wp-content\/uploads\/2021\/02\/pexels-photo-3183197.jpeg\" \/>\n<meta name=\"twitter:card\" content=\"summary_large_image\" \/>\n<meta name=\"twitter:label1\" content=\"Est. reading time\" \/>\n\t<meta name=\"twitter:data1\" content=\"1 minute\" \/>\n<script type=\"application\/ld+json\" class=\"yoast-schema-graph\">{\"@context\":\"https:\/\/schema.org\",\"@graph\":[{\"@type\":\"WebPage\",\"@id\":\"https:\/\/refugiojuridico.com\/7b3c2-patterns\/\",\"url\":\"https:\/\/refugiojuridico.com\/7b3c2-patterns\/\",\"name\":\"Servicios - Refugio Jur\u00eddico\",\"isPartOf\":{\"@id\":\"https:\/\/refugiojuridico.com\/#website\"},\"primaryImageOfPage\":{\"@id\":\"https:\/\/refugiojuridico.com\/7b3c2-patterns\/#primaryimage\"},\"image\":{\"@id\":\"https:\/\/refugiojuridico.com\/7b3c2-patterns\/#primaryimage\"},\"thumbnailUrl\":\"https:\/\/refugiojuridico.com\/wp-content\/uploads\/2021\/02\/pexels-photo-3183197.jpeg\",\"datePublished\":\"2021-02-18T10:59:27+00:00\",\"dateModified\":\"2023-02-28T02:13:14+00:00\",\"breadcrumb\":{\"@id\":\"https:\/\/refugiojuridico.com\/7b3c2-patterns\/#breadcrumb\"},\"inLanguage\":\"en-US\",\"potentialAction\":[{\"@type\":\"ReadAction\",\"target\":[\"https:\/\/refugiojuridico.com\/7b3c2-patterns\/\"]}]},{\"@type\":\"ImageObject\",\"inLanguage\":\"en-US\",\"@id\":\"https:\/\/refugiojuridico.com\/7b3c2-patterns\/#primaryimage\",\"url\":\"https:\/\/refugiojuridico.com\/wp-content\/uploads\/2021\/02\/pexels-photo-3183197.jpeg\",\"contentUrl\":\"https:\/\/refugiojuridico.com\/wp-content\/uploads\/2021\/02\/pexels-photo-3183197.jpeg\",\"width\":1880,\"height\":1255,\"caption\":\"Photo by fauxels on Pexels.com\"},{\"@type\":\"BreadcrumbList\",\"@id\":\"https:\/\/refugiojuridico.com\/7b3c2-patterns\/#breadcrumb\",\"itemListElement\":[{\"@type\":\"ListItem\",\"position\":1,\"name\":\"Home\",\"item\":\"https:\/\/refugiojuridico.com\/\"},{\"@type\":\"ListItem\",\"position\":2,\"name\":\"Servicios\"}]},{\"@type\":\"WebSite\",\"@id\":\"https:\/\/refugiojuridico.com\/#website\",\"url\":\"https:\/\/refugiojuridico.com\/\",\"name\":\"Refugio Jur\u00eddico\",\"description\":\"Consulta de temas jur\u00eddicos\",\"publisher\":{\"@id\":\"https:\/\/refugiojuridico.com\/#\/schema\/person\/2fdafa8790bfa1da36dc59e5142ec32b\"},\"potentialAction\":[{\"@type\":\"SearchAction\",\"target\":{\"@type\":\"EntryPoint\",\"urlTemplate\":\"https:\/\/refugiojuridico.com\/?s={search_term_string}\"},\"query-input\":\"required name=search_term_string\"}],\"inLanguage\":\"en-US\"},{\"@type\":[\"Person\",\"Organization\"],\"@id\":\"https:\/\/refugiojuridico.com\/#\/schema\/person\/2fdafa8790bfa1da36dc59e5142ec32b\",\"name\":\"gserrano60\",\"image\":{\"@type\":\"ImageObject\",\"inLanguage\":\"en-US\",\"@id\":\"https:\/\/refugiojuridico.com\/#\/schema\/person\/image\/\",\"url\":\"https:\/\/refugiojuridico.com\/wp-content\/uploads\/2023\/01\/Screen-Shot-2023-01-12-at-8.21.32-PM.png\",\"contentUrl\":\"https:\/\/refugiojuridico.com\/wp-content\/uploads\/2023\/01\/Screen-Shot-2023-01-12-at-8.21.32-PM.png\",\"width\":609,\"height\":446,\"caption\":\"gserrano60\"},\"logo\":{\"@id\":\"https:\/\/refugiojuridico.com\/#\/schema\/person\/image\/\"},\"sameAs\":[\"https:\/\/refugiojuridico.com\"]}]}<\/script>\n<!-- \/ Yoast SEO plugin. -->","yoast_head_json":{"title":"Servicios - Refugio Jur\u00eddico","robots":{"index":"index","follow":"follow","max-snippet":"max-snippet:-1","max-image-preview":"max-image-preview:large","max-video-preview":"max-video-preview:-1"},"canonical":"https:\/\/refugiojuridico.com\/en\/7b3c2-patterns\/","og_locale":"en_US","og_type":"article","og_title":"Servicios - Refugio Jur\u00eddico","og_description":"Servicios &#8211;Concepto u opini\u00f3n requerida por un abogado. &#8211;Segunda opini\u00f3n directamente para los interesados en una controversia o asunto jur\u00eddico Actividades acad\u00e9micas","og_url":"https:\/\/refugiojuridico.com\/en\/7b3c2-patterns\/","og_site_name":"Refugio Jur\u00eddico","article_modified_time":"2023-02-28T02:13:14+00:00","og_image":[{"url":"https:\/\/refugiojuridico.com\/wp-content\/uploads\/2021\/02\/pexels-photo-3183197.jpeg"}],"twitter_card":"summary_large_image","twitter_misc":{"Est. reading time":"1 minute"},"schema":{"@context":"https:\/\/schema.org","@graph":[{"@type":"WebPage","@id":"https:\/\/refugiojuridico.com\/7b3c2-patterns\/","url":"https:\/\/refugiojuridico.com\/7b3c2-patterns\/","name":"Servicios - Refugio Jur\u00eddico","isPartOf":{"@id":"https:\/\/refugiojuridico.com\/#website"},"primaryImageOfPage":{"@id":"https:\/\/refugiojuridico.com\/7b3c2-patterns\/#primaryimage"},"image":{"@id":"https:\/\/refugiojuridico.com\/7b3c2-patterns\/#primaryimage"},"thumbnailUrl":"https:\/\/refugiojuridico.com\/wp-content\/uploads\/2021\/02\/pexels-photo-3183197.jpeg","datePublished":"2021-02-18T10:59:27+00:00","dateModified":"2023-02-28T02:13:14+00:00","breadcrumb":{"@id":"https:\/\/refugiojuridico.com\/7b3c2-patterns\/#breadcrumb"},"inLanguage":"en-US","potentialAction":[{"@type":"ReadAction","target":["https:\/\/refugiojuridico.com\/7b3c2-patterns\/"]}]},{"@type":"ImageObject","inLanguage":"en-US","@id":"https:\/\/refugiojuridico.com\/7b3c2-patterns\/#primaryimage","url":"https:\/\/refugiojuridico.com\/wp-content\/uploads\/2021\/02\/pexels-photo-3183197.jpeg","contentUrl":"https:\/\/refugiojuridico.com\/wp-content\/uploads\/2021\/02\/pexels-photo-3183197.jpeg","width":1880,"height":1255,"caption":"Photo by fauxels on Pexels.com"},{"@type":"BreadcrumbList","@id":"https:\/\/refugiojuridico.com\/7b3c2-patterns\/#breadcrumb","itemListElement":[{"@type":"ListItem","position":1,"name":"Home","item":"https:\/\/refugiojuridico.com\/"},{"@type":"ListItem","position":2,"name":"Servicios"}]},{"@type":"WebSite","@id":"https:\/\/refugiojuridico.com\/#website","url":"https:\/\/refugiojuridico.com\/","name":"Refugio Jur\u00eddico","description":"Consulta de temas jur\u00eddicos","publisher":{"@id":"https:\/\/refugiojuridico.com\/#\/schema\/person\/2fdafa8790bfa1da36dc59e5142ec32b"},"potentialAction":[{"@type":"SearchAction","target":{"@type":"EntryPoint","urlTemplate":"https:\/\/refugiojuridico.com\/?s={search_term_string}"},"query-input":"required name=search_term_string"}],"inLanguage":"en-US"},{"@type":["Person","Organization"],"@id":"https:\/\/refugiojuridico.com\/#\/schema\/person\/2fdafa8790bfa1da36dc59e5142ec32b","name":"gserrano60","image":{"@type":"ImageObject","inLanguage":"en-US","@id":"https:\/\/refugiojuridico.com\/#\/schema\/person\/image\/","url":"https:\/\/refugiojuridico.com\/wp-content\/uploads\/2023\/01\/Screen-Shot-2023-01-12-at-8.21.32-PM.png","contentUrl":"https:\/\/refugiojuridico.com\/wp-content\/uploads\/2023\/01\/Screen-Shot-2023-01-12-at-8.21.32-PM.png","width":609,"height":446,"caption":"gserrano60"},"logo":{"@id":"https:\/\/refugiojuridico.com\/#\/schema\/person\/image\/"},"sameAs":["https:\/\/refugiojuridico.com"]}]}},"jetpack_likes_enabled":true,"jetpack_sharing_enabled":true,"_links":{"self":[{"href":"https:\/\/refugiojuridico.com\/en\/wp-json\/wp\/v2\/pages\/69","targetHints":{"allow":["GET"]}}],"collection":[{"href":"https:\/\/refugiojuridico.com\/en\/wp-json\/wp\/v2\/pages"}],"about":[{"href":"https:\/\/refugiojuridico.com\/en\/wp-json\/wp\/v2\/types\/page"}],"author":[{"embeddable":true,"href":"https:\/\/refugiojuridico.com\/en\/wp-json\/wp\/v2\/users\/1"}],"replies":[{"embeddable":true,"href":"https:\/\/refugiojuridico.com\/en\/wp-json\/wp\/v2\/comments?post=69"}],"version-history":[{"count":5,"href":"https:\/\/refugiojuridico.com\/en\/wp-json\/wp\/v2\/pages\/69\/revisions"}],"predecessor-version":[{"id":675,"href":"https:\/\/refugiojuridico.com\/en\/wp-json\/wp\/v2\/pages\/69\/revisions\/675"}],"wp:attachment":[{"href":"https:\/\/refugiojuridico.com\/en\/wp-json\/wp\/v2\/media?parent=69"}],"curies":[{"name":"wp","href":"https:\/\/api.w.org\/{rel}","templated":true}]}}