{"id":425,"date":"2021-02-12T11:48:59","date_gmt":"2021-02-12T11:48:59","guid":{"rendered":"https:\/\/demosites.io\/neve-3\/?page_id=31"},"modified":"2023-02-06T00:51:20","modified_gmt":"2023-02-06T00:51:20","slug":"7b3c2-blog-archive","status":"publish","type":"page","link":"https:\/\/refugiojuridico.com\/es\/7b3c2-blog-archive\/","title":{"rendered":"Qui\u00e9nes somos?"},"content":{"rendered":"<div class=\"wp-block-cover\"><span aria-hidden=\"true\" class=\"wp-block-cover__background has-background-dim\"><\/span><img loading=\"lazy\" decoding=\"async\" width=\"1880\" height=\"1253\" class=\"wp-block-cover__image-background wp-image-613\" alt=\"robot pointing on a wall\" src=\"https:\/\/i0.wp.com\/refugiojuridico.com\/wp-content\/uploads\/2021\/02\/pexels-photo-8386440.jpeg?resize=1880%2C1253&#038;ssl=1\" data-object-fit=\"cover\" srcset=\"https:\/\/i0.wp.com\/refugiojuridico.com\/wp-content\/uploads\/2021\/02\/pexels-photo-8386440.jpeg?w=1880&amp;ssl=1 1880w, https:\/\/i0.wp.com\/refugiojuridico.com\/wp-content\/uploads\/2021\/02\/pexels-photo-8386440.jpeg?resize=300%2C200&amp;ssl=1 300w, https:\/\/i0.wp.com\/refugiojuridico.com\/wp-content\/uploads\/2021\/02\/pexels-photo-8386440.jpeg?resize=1024%2C682&amp;ssl=1 1024w, https:\/\/i0.wp.com\/refugiojuridico.com\/wp-content\/uploads\/2021\/02\/pexels-photo-8386440.jpeg?resize=768%2C512&amp;ssl=1 768w, https:\/\/i0.wp.com\/refugiojuridico.com\/wp-content\/uploads\/2021\/02\/pexels-photo-8386440.jpeg?resize=1536%2C1024&amp;ssl=1 1536w, https:\/\/i0.wp.com\/refugiojuridico.com\/wp-content\/uploads\/2021\/02\/pexels-photo-8386440.jpeg?resize=18%2C12&amp;ssl=1 18w, https:\/\/i0.wp.com\/refugiojuridico.com\/wp-content\/uploads\/2021\/02\/pexels-photo-8386440.jpeg?resize=600%2C400&amp;ssl=1 600w\" sizes=\"auto, (max-width: 1000px) 100vw, 1000px\" data-recalc-dims=\"1\" \/><div class=\"wp-block-cover__inner-container is-layout-flow wp-block-cover-is-layout-flow\">\n<p class=\"has-text-align-center has-large-font-size\"><strong>EMPRENDIMIENTO EN LA PRESTACI\u00d3N DE SERVICIOS DE CONSULTOR\u00cdA Y ASESOR\u00cdA EN ASUNTOS JUR\u00cdDICOS<\/strong><\/p>\n<\/div><\/div>\n\n\n\n<p><\/p>\n\n\n\n<p><\/p>\n\n\n\n<p class=\"has-text-align-left\">La p\u00e1gina web identificada con el nombre&nbsp;<a href=\"https:\/\/refugiojuridico.com\/es\/\"><em>www.refugiojuridico.com<\/em><\/a><em>,&nbsp;<\/em>constituye herramienta b\u00e1sica en el emprendimiento profesional del abogado Gustavo Serrano Rubio, que tiene por objeto la prestaci\u00f3n de servicios de consultor\u00eda y asesor\u00eda en asuntos jur\u00eddicos, espec\u00edficamente en las \u00e1reas de formaci\u00f3n y experiencia que posee, correspondientes al derecho civil (obligaciones, contratos y responsabilidad civil, etc.); comercial (contratos y otros temas); propiedad intelectual (derechos de autor y propiedad industrial, especialmente en temas de responsabilidad por infracci\u00f3n de derechos de propiedad intelectual en general); y procesal civil (tr\u00e1mite de los procesos ante los jueces civiles y recurso de casaci\u00f3n).&nbsp;<\/p>\n\n\n\n<p class=\"has-text-align-left\">En el rese\u00f1ado contexto, los servicios ofrecidos est\u00e1n dirigidos directamente a las personas naturales y jur\u00eddicas que tengan inter\u00e9s en dilucidar la problem\u00e1tica que puedan estar enfrentando, por ejemplo, por afectaciones relacionadas con contratos, o por el da\u00f1o causado a terceros, o que se haya recibido en desarrollo de actividades relativas a la conducci\u00f3n de automotores,&nbsp;&nbsp;servicios de salud o m\u00e9dicos, o por el uso de marcas sin la licencia del titular, o la comunicaci\u00f3n de obras musicales o el uso de programas inform\u00e1ticos.<\/p>\n\n\n\n<p class=\"has-text-align-left\">Igualmente, se presta el servicio relativo a emitir la llamada&nbsp;<em>\u201csegunda opini\u00f3n\u201d<\/em>&nbsp;cuando el asunto haya sido consultado a otro profesional del derecho y, de ser el caso, exponer el criterio jur\u00eddico al abogado que se encuentre asesorando en un determinado asunto, cuando lo requiera a manera de concepto jur\u00eddico para preparar la demanda, las audiencias, el alegato de conclusi\u00f3n, o la sustentaci\u00f3n o r\u00e9plica de un recurso ordinario o extraordinario.&nbsp;<\/p>\n\n\n\n<p class=\"has-text-align-left\">Adicionalmente, con base en la especializaci\u00f3n en pedagog\u00eda y docencia universitaria; la experiencia como docente en instituciones de educaci\u00f3n superior; la formaci\u00f3n profesional en derecho y la experiencia como magistrado y juez de la Rep\u00fablica de Colombia,&nbsp;&nbsp;se ofrece consultor\u00eda y acompa\u00f1amiento en trabajos de investigaci\u00f3n en el \u00e1mbito de especializaciones o maestr\u00edas, esencialmente en la identificaci\u00f3n de problemas jur\u00eddicos en las nombradas \u00e1reas; el estado de la doctrina y jurisprudencia sobre la respectiva materia; los temas que resultan pertinentes analizar en procura de sustentar las respuestas a los mismos, y las conclusiones relevantes.<\/p>\n\n\n\n<p class=\"has-text-align-left\">As\u00ed mismo, semanalmente se publicar\u00e1n art\u00edculos en el blog de la p\u00e1gina, los que podr\u00e1n versar sobre temas jur\u00eddicos de actualidad o que resulten \u00fatiles para el entendimiento de aspectos pr\u00e1cticos en la aplicaci\u00f3n del derecho.<\/p>\n\n\n\n<p class=\"has-text-align-left\">Dependiendo del avance que se logre en el emprendimiento, se organizar\u00e1n seminarios, conversatorios, talleres, y otras actividades acad\u00e9micas, atendiendo sugerencias de los visitantes del sitio web, o por iniciativa propia, los que podr\u00e1n ser gratuitos o remunerados.<\/p>\n\n\n\n<p class=\"has-text-align-left\">Me apoyar\u00e9 en las redes sociales Twitter (@gserrano), Instagram (gserranorubio), Facebook (Gustavo Serrano Rubio), LinkedIn y YouTube (@gustavoserranorubio), a trav\u00e9s de mis cuentas personales, para difundir la actividad de la p\u00e1gina y posicionar la marca del emprendimiento.<\/p>\n\n\n\n<p class=\"has-text-align-left\">Quedo atento a sus inquietudes y aspiro a que mis servicios profesionales permitan a los interesados encontrar adecuada opci\u00f3n de respuesta y soluci\u00f3n a los asuntos objeto de consultor\u00eda o asesor\u00eda.<\/p>\n\n\n\n<p class=\"has-text-align-left\">Con entusiasmo inicio una nueva fase en mi vida profesional.<\/p>\n\n\n\n<p class=\"has-text-align-left\">Gustavo Serrano Rubio<\/p>\n\n\n\n<p class=\"has-text-align-left\">Abogado<\/p>\n\n\n\n<p class=\"has-text-align-left\">Bogot\u00e1 D.C., febrero de 2023<\/p>","protected":false},"excerpt":{"rendered":"<p>La p\u00e1gina web identificada con el nombre&nbsp;www.refugiojuridico.com,&nbsp;constituye herramienta b\u00e1sica en el emprendimiento profesional del abogado Gustavo Serrano Rubio, que tiene por objeto la prestaci\u00f3n de servicios de consultor\u00eda y asesor\u00eda en asuntos&hellip;<\/p>","protected":false},"author":1,"featured_media":0,"parent":0,"menu_order":0,"comment_status":"closed","ping_status":"closed","template":"","meta":{"_themeisle_gutenberg_block_has_review":false,"jetpack_post_was_ever_published":false,"_ti_tpc_template_sync":false,"_ti_tpc_template_id":"","footnotes":""},"class_list":["post-425","page","type-page","status-publish","hentry"],"yoast_head":"<!-- This site is optimized with the Yoast SEO plugin v22.2 - https:\/\/yoast.com\/wordpress\/plugins\/seo\/ -->\n<title>Qui\u00e9nes somos? - Refugio Jur\u00eddico<\/title>\n<meta name=\"robots\" content=\"index, follow, max-snippet:-1, max-image-preview:large, max-video-preview:-1\" \/>\n<link rel=\"canonical\" href=\"https:\/\/refugiojuridico.com\/es\/7b3c2-blog-archive\/\" \/>\n<meta property=\"og:locale\" content=\"es_ES\" \/>\n<meta property=\"og:type\" content=\"article\" \/>\n<meta property=\"og:title\" content=\"Qui\u00e9nes somos? - Refugio Jur\u00eddico\" \/>\n<meta property=\"og:description\" content=\"La p\u00e1gina web identificada con el nombre&nbsp;www.refugiojuridico.com,&nbsp;constituye herramienta b\u00e1sica en el emprendimiento profesional del abogado Gustavo Serrano Rubio, que tiene por objeto la prestaci\u00f3n de servicios de consultor\u00eda y asesor\u00eda en asuntos&hellip;\" \/>\n<meta property=\"og:url\" content=\"https:\/\/refugiojuridico.com\/es\/7b3c2-blog-archive\/\" \/>\n<meta property=\"og:site_name\" content=\"Refugio Jur\u00eddico\" \/>\n<meta property=\"article:modified_time\" content=\"2023-02-06T00:51:20+00:00\" \/>\n<meta property=\"og:image\" content=\"https:\/\/refugiojuridico.com\/wp-content\/uploads\/2021\/02\/pexels-photo-8386440.jpeg\" \/>\n<meta name=\"twitter:card\" content=\"summary_large_image\" \/>\n<meta name=\"twitter:label1\" content=\"Tiempo estimado de lectura\" \/>\n\t<meta name=\"twitter:data1\" content=\"3 minutos\" \/>\n<script type=\"application\/ld+json\" class=\"yoast-schema-graph\">{\"@context\":\"https:\/\/schema.org\",\"@graph\":[{\"@type\":\"WebPage\",\"@id\":\"https:\/\/refugiojuridico.com\/7b3c2-blog-archive\/\",\"url\":\"https:\/\/refugiojuridico.com\/7b3c2-blog-archive\/\",\"name\":\"Qui\u00e9nes somos? - Refugio Jur\u00eddico\",\"isPartOf\":{\"@id\":\"https:\/\/refugiojuridico.com\/#website\"},\"primaryImageOfPage\":{\"@id\":\"https:\/\/refugiojuridico.com\/7b3c2-blog-archive\/#primaryimage\"},\"image\":{\"@id\":\"https:\/\/refugiojuridico.com\/7b3c2-blog-archive\/#primaryimage\"},\"thumbnailUrl\":\"https:\/\/refugiojuridico.com\/wp-content\/uploads\/2021\/02\/pexels-photo-8386440.jpeg\",\"datePublished\":\"2021-02-12T11:48:59+00:00\",\"dateModified\":\"2023-02-06T00:51:20+00:00\",\"breadcrumb\":{\"@id\":\"https:\/\/refugiojuridico.com\/7b3c2-blog-archive\/#breadcrumb\"},\"inLanguage\":\"es-CO\",\"potentialAction\":[{\"@type\":\"ReadAction\",\"target\":[\"https:\/\/refugiojuridico.com\/7b3c2-blog-archive\/\"]}]},{\"@type\":\"ImageObject\",\"inLanguage\":\"es-CO\",\"@id\":\"https:\/\/refugiojuridico.com\/7b3c2-blog-archive\/#primaryimage\",\"url\":\"https:\/\/refugiojuridico.com\/wp-content\/uploads\/2021\/02\/pexels-photo-8386440.jpeg\",\"contentUrl\":\"https:\/\/refugiojuridico.com\/wp-content\/uploads\/2021\/02\/pexels-photo-8386440.jpeg\",\"width\":1880,\"height\":1253,\"caption\":\"Photo by Tara Winstead on Pexels.com\"},{\"@type\":\"BreadcrumbList\",\"@id\":\"https:\/\/refugiojuridico.com\/7b3c2-blog-archive\/#breadcrumb\",\"itemListElement\":[{\"@type\":\"ListItem\",\"position\":1,\"name\":\"Home\",\"item\":\"https:\/\/refugiojuridico.com\/\"},{\"@type\":\"ListItem\",\"position\":2,\"name\":\"Qui\u00e9nes somos?\"}]},{\"@type\":\"WebSite\",\"@id\":\"https:\/\/refugiojuridico.com\/#website\",\"url\":\"https:\/\/refugiojuridico.com\/\",\"name\":\"Refugio Jur\u00eddico\",\"description\":\"Consulta de temas jur\u00eddicos\",\"publisher\":{\"@id\":\"https:\/\/refugiojuridico.com\/#\/schema\/person\/2fdafa8790bfa1da36dc59e5142ec32b\"},\"potentialAction\":[{\"@type\":\"SearchAction\",\"target\":{\"@type\":\"EntryPoint\",\"urlTemplate\":\"https:\/\/refugiojuridico.com\/?s={search_term_string}\"},\"query-input\":\"required name=search_term_string\"}],\"inLanguage\":\"es-CO\"},{\"@type\":[\"Person\",\"Organization\"],\"@id\":\"https:\/\/refugiojuridico.com\/#\/schema\/person\/2fdafa8790bfa1da36dc59e5142ec32b\",\"name\":\"gserrano60\",\"image\":{\"@type\":\"ImageObject\",\"inLanguage\":\"es-CO\",\"@id\":\"https:\/\/refugiojuridico.com\/#\/schema\/person\/image\/\",\"url\":\"https:\/\/refugiojuridico.com\/wp-content\/uploads\/2023\/01\/Screen-Shot-2023-01-12-at-8.21.32-PM.png\",\"contentUrl\":\"https:\/\/refugiojuridico.com\/wp-content\/uploads\/2023\/01\/Screen-Shot-2023-01-12-at-8.21.32-PM.png\",\"width\":609,\"height\":446,\"caption\":\"gserrano60\"},\"logo\":{\"@id\":\"https:\/\/refugiojuridico.com\/#\/schema\/person\/image\/\"},\"sameAs\":[\"https:\/\/refugiojuridico.com\"]}]}<\/script>\n<!-- \/ Yoast SEO plugin. -->","yoast_head_json":{"title":"Qui\u00e9nes somos? - Refugio Jur\u00eddico","robots":{"index":"index","follow":"follow","max-snippet":"max-snippet:-1","max-image-preview":"max-image-preview:large","max-video-preview":"max-video-preview:-1"},"canonical":"https:\/\/refugiojuridico.com\/es\/7b3c2-blog-archive\/","og_locale":"es_ES","og_type":"article","og_title":"Qui\u00e9nes somos? - Refugio Jur\u00eddico","og_description":"La p\u00e1gina web identificada con el nombre&nbsp;www.refugiojuridico.com,&nbsp;constituye herramienta b\u00e1sica en el emprendimiento profesional del abogado Gustavo Serrano Rubio, que tiene por objeto la prestaci\u00f3n de servicios de consultor\u00eda y asesor\u00eda en asuntos&hellip;","og_url":"https:\/\/refugiojuridico.com\/es\/7b3c2-blog-archive\/","og_site_name":"Refugio Jur\u00eddico","article_modified_time":"2023-02-06T00:51:20+00:00","og_image":[{"url":"https:\/\/refugiojuridico.com\/wp-content\/uploads\/2021\/02\/pexels-photo-8386440.jpeg"}],"twitter_card":"summary_large_image","twitter_misc":{"Tiempo estimado de lectura":"3 minutos"},"schema":{"@context":"https:\/\/schema.org","@graph":[{"@type":"WebPage","@id":"https:\/\/refugiojuridico.com\/7b3c2-blog-archive\/","url":"https:\/\/refugiojuridico.com\/7b3c2-blog-archive\/","name":"Qui\u00e9nes somos? - Refugio Jur\u00eddico","isPartOf":{"@id":"https:\/\/refugiojuridico.com\/#website"},"primaryImageOfPage":{"@id":"https:\/\/refugiojuridico.com\/7b3c2-blog-archive\/#primaryimage"},"image":{"@id":"https:\/\/refugiojuridico.com\/7b3c2-blog-archive\/#primaryimage"},"thumbnailUrl":"https:\/\/refugiojuridico.com\/wp-content\/uploads\/2021\/02\/pexels-photo-8386440.jpeg","datePublished":"2021-02-12T11:48:59+00:00","dateModified":"2023-02-06T00:51:20+00:00","breadcrumb":{"@id":"https:\/\/refugiojuridico.com\/7b3c2-blog-archive\/#breadcrumb"},"inLanguage":"es-CO","potentialAction":[{"@type":"ReadAction","target":["https:\/\/refugiojuridico.com\/7b3c2-blog-archive\/"]}]},{"@type":"ImageObject","inLanguage":"es-CO","@id":"https:\/\/refugiojuridico.com\/7b3c2-blog-archive\/#primaryimage","url":"https:\/\/refugiojuridico.com\/wp-content\/uploads\/2021\/02\/pexels-photo-8386440.jpeg","contentUrl":"https:\/\/refugiojuridico.com\/wp-content\/uploads\/2021\/02\/pexels-photo-8386440.jpeg","width":1880,"height":1253,"caption":"Photo by Tara Winstead on Pexels.com"},{"@type":"BreadcrumbList","@id":"https:\/\/refugiojuridico.com\/7b3c2-blog-archive\/#breadcrumb","itemListElement":[{"@type":"ListItem","position":1,"name":"Home","item":"https:\/\/refugiojuridico.com\/"},{"@type":"ListItem","position":2,"name":"Qui\u00e9nes somos?"}]},{"@type":"WebSite","@id":"https:\/\/refugiojuridico.com\/#website","url":"https:\/\/refugiojuridico.com\/","name":"Refugio Jur\u00eddico","description":"Consulta de temas jur\u00eddicos","publisher":{"@id":"https:\/\/refugiojuridico.com\/#\/schema\/person\/2fdafa8790bfa1da36dc59e5142ec32b"},"potentialAction":[{"@type":"SearchAction","target":{"@type":"EntryPoint","urlTemplate":"https:\/\/refugiojuridico.com\/?s={search_term_string}"},"query-input":"required name=search_term_string"}],"inLanguage":"es-CO"},{"@type":["Person","Organization"],"@id":"https:\/\/refugiojuridico.com\/#\/schema\/person\/2fdafa8790bfa1da36dc59e5142ec32b","name":"gserrano60","image":{"@type":"ImageObject","inLanguage":"es-CO","@id":"https:\/\/refugiojuridico.com\/#\/schema\/person\/image\/","url":"https:\/\/refugiojuridico.com\/wp-content\/uploads\/2023\/01\/Screen-Shot-2023-01-12-at-8.21.32-PM.png","contentUrl":"https:\/\/refugiojuridico.com\/wp-content\/uploads\/2023\/01\/Screen-Shot-2023-01-12-at-8.21.32-PM.png","width":609,"height":446,"caption":"gserrano60"},"logo":{"@id":"https:\/\/refugiojuridico.com\/#\/schema\/person\/image\/"},"sameAs":["https:\/\/refugiojuridico.com"]}]}},"jetpack_likes_enabled":true,"jetpack_sharing_enabled":true,"_links":{"self":[{"href":"https:\/\/refugiojuridico.com\/es\/wp-json\/wp\/v2\/pages\/425","targetHints":{"allow":["GET"]}}],"collection":[{"href":"https:\/\/refugiojuridico.com\/es\/wp-json\/wp\/v2\/pages"}],"about":[{"href":"https:\/\/refugiojuridico.com\/es\/wp-json\/wp\/v2\/types\/page"}],"author":[{"embeddable":true,"href":"https:\/\/refugiojuridico.com\/es\/wp-json\/wp\/v2\/users\/1"}],"replies":[{"embeddable":true,"href":"https:\/\/refugiojuridico.com\/es\/wp-json\/wp\/v2\/comments?post=425"}],"version-history":[{"count":5,"href":"https:\/\/refugiojuridico.com\/es\/wp-json\/wp\/v2\/pages\/425\/revisions"}],"predecessor-version":[{"id":617,"href":"https:\/\/refugiojuridico.com\/es\/wp-json\/wp\/v2\/pages\/425\/revisions\/617"}],"wp:attachment":[{"href":"https:\/\/refugiojuridico.com\/es\/wp-json\/wp\/v2\/media?parent=425"}],"curies":[{"name":"wp","href":"https:\/\/api.w.org\/{rel}","templated":true}]}}