{"id":46,"date":"2021-02-16T11:44:42","date_gmt":"2021-02-16T11:44:42","guid":{"rendered":"https:\/\/demosites.io\/neve-3\/?page_id=46"},"modified":"2023-01-27T00:46:38","modified_gmt":"2023-01-27T00:46:38","slug":"7b3c2-homepage","status":"publish","type":"page","link":"https:\/\/refugiojuridico.com\/es\/7b3c2-homepage\/","title":{"rendered":"Inicio"},"content":{"rendered":"<div class=\"wp-block-cover alignfull is-repeated\" style=\"min-height:600px;aspect-ratio:unset;\"><span aria-hidden=\"true\" class=\"wp-block-cover__background has-background-dim-60 has-background-dim wp-block-cover__gradient-background has-background-gradient\" style=\"background:linear-gradient(135deg,rgb(10,10,19) 0%,rgb(40,116,252) 100%)\"><\/span><div role=\"img\" class=\"wp-block-cover__image-background wp-image-419 is-repeated\" style=\"background-position:100% 0%;background-image:url(https:\/\/refugiojuridico.com\/wp-content\/uploads\/2021\/10\/title-6.png)\"><\/div><div class=\"wp-block-cover__inner-container is-layout-flow wp-block-cover-is-layout-flow\">\n<div style=\"height:40px\" aria-hidden=\"true\" class=\"wp-block-spacer\"><\/div>\n\n\n\n<div class=\"wp-block-columns are-vertically-aligned-center is-layout-flex wp-container-core-columns-is-layout-9d6595d7 wp-block-columns-is-layout-flex\">\n<div class=\"wp-block-column is-vertically-aligned-center is-layout-flow wp-block-column-is-layout-flow\" style=\"flex-basis:100%\">\n<h1 class=\"has-text-align-left wp-block-heading\" style=\"font-size:56px\">Refugio Jur\u00eddico<\/h1>\n\n\n\n<p class=\"has-text-align-left\" style=\"font-size:1.125em\">Experiencia, responsabilidad y confiabilidad.<\/p>\n\n\n\n<div class=\"wp-block-buttons is-layout-flex wp-block-buttons-is-layout-flex\">\n<div class=\"wp-block-button is-style-primary\"><a class=\"wp-block-button__link wp-element-button\">Ingresar<\/a><\/div>\n<\/div>\n<\/div>\n\n\n\n<div class=\"wp-block-column is-vertically-aligned-center is-layout-flow wp-block-column-is-layout-flow\" style=\"flex-basis:30%\"><\/div>\n<\/div>\n\n\n\n<div style=\"height:40px\" aria-hidden=\"true\" class=\"wp-block-spacer\"><\/div>\n<\/div><\/div>\n\n\n\n<div style=\"height:40px\" aria-hidden=\"true\" class=\"wp-block-spacer\"><\/div>\n\n\n\n<div class=\"wp-block-columns is-layout-flex wp-container-core-columns-is-layout-9d6595d7 wp-block-columns-is-layout-flex\">\n<div class=\"wp-block-column is-vertically-aligned-center is-layout-flow wp-block-column-is-layout-flow\"><\/div>\n\n\n\n<div class=\"wp-block-column is-vertically-aligned-center is-layout-flow wp-block-column-is-layout-flow\">\n<h2 class=\"wp-block-heading\">Quienes Somos<\/h2>\n\n\n\n<p><strong>Corresponde esta p\u00e1gina a una herramienta tecnol\u00f3gica utilizada por Gustavo Serrano Rubio, abogado de la Universidad Libre, especializado en derecho procesal civil Universidad Externado de Colombia, pedagog\u00eda y docencia universitaria Universidad La Gran Colombia, propiedad intelectual y derecho de las nuevas tecnolog\u00edas Universidad Internacional de La Rioja (Espa\u00f1a), 48 cr\u00e9ditos maestr\u00eda en derecho privado Universidad del Rosario.<\/strong><\/p>\n\n\n\n<p><strong>Experiencia de m\u00e1s de 40 a\u00f1os en la Rama Judicial, desempe\u00f1ando cargos de empleado en juzgados y tribunal superior de distrito judicial, juez promiscuo municipal, juez civil municipal, juez promiscuo del circuito, juez civil del circuito de Bogot\u00e1, magistrado auxiliar sala de casaci\u00f3n civil Corte Suprema de Justicia y magistrado de tribunal sala civil familia.<\/strong><\/p>\n\n\n\n<p><strong>Docente facultad de derecho en pregrado Universidad Libre de Bogot\u00e1 y Universidad La Gran Colombia; Universidad Pontificia Bolivariana de Medell\u00edn en la especializaci\u00f3n de derecho procesal y formador de la Escuela Judicial Rodrigo Lara Bonilla.<\/strong><\/p>\n\n\n\n<p>.<\/p>\n\n\n\n<p><\/p>\n<\/div>\n<\/div>\n\n\n\n<figure class=\"wp-block-image size-full\"><img decoding=\"async\" src=\"https:\/\/i0.wp.com\/refugiojuridico.com\/wp-content\/uploads\/2021\/10\/neve-demo-image-35.png?ssl=1\" alt=\"\" class=\"wp-image-412\" data-recalc-dims=\"1\"\/><\/figure>\n\n\n\n<div class=\"wp-block-columns are-vertically-aligned-top is-layout-flex wp-container-core-columns-is-layout-9d6595d7 wp-block-columns-is-layout-flex\">\n<div class=\"wp-block-column is-vertically-aligned-top is-layout-flow wp-block-column-is-layout-flow\"><\/div>\n\n\n\n<div class=\"wp-block-column is-vertically-aligned-top is-layout-flow wp-block-column-is-layout-flow\"><\/div>\n<\/div>\n\n\n\n<div style=\"height:40px\" aria-hidden=\"true\" class=\"wp-block-spacer\"><\/div>","protected":false},"excerpt":{"rendered":"<p>Quienes Somos Corresponde esta p\u00e1gina a una herramienta tecnol\u00f3gica utilizada por Gustavo Serrano Rubio, abogado de la Universidad Libre, especializado en derecho procesal civil Universidad Externado de Colombia, pedagog\u00eda y docencia universitaria&hellip;<\/p>","protected":false},"author":1,"featured_media":0,"parent":0,"menu_order":0,"comment_status":"closed","ping_status":"closed","template":"","meta":{"_themeisle_gutenberg_block_has_review":false,"jetpack_post_was_ever_published":false,"_ti_tpc_template_sync":false,"_ti_tpc_template_id":"qhcq3u4pntax6ckfcedd","footnotes":""},"class_list":["post-46","page","type-page","status-publish","hentry"],"yoast_head":"<!-- This site is optimized with the Yoast SEO plugin v22.2 - https:\/\/yoast.com\/wordpress\/plugins\/seo\/ -->\n<title>Inicio - Refugio Jur\u00eddico<\/title>\n<meta name=\"robots\" content=\"index, follow, max-snippet:-1, max-image-preview:large, max-video-preview:-1\" \/>\n<link rel=\"canonical\" href=\"https:\/\/refugiojuridico.com\/es\/7b3c2-homepage\/\" \/>\n<meta property=\"og:locale\" content=\"es_ES\" \/>\n<meta property=\"og:type\" content=\"article\" \/>\n<meta property=\"og:title\" content=\"Inicio - Refugio Jur\u00eddico\" \/>\n<meta property=\"og:description\" content=\"Quienes Somos Corresponde esta p\u00e1gina a una herramienta tecnol\u00f3gica utilizada por Gustavo Serrano Rubio, abogado de la Universidad Libre, especializado en derecho procesal civil Universidad Externado de Colombia, pedagog\u00eda y docencia universitaria&hellip;\" \/>\n<meta property=\"og:url\" content=\"https:\/\/refugiojuridico.com\/es\/7b3c2-homepage\/\" \/>\n<meta property=\"og:site_name\" content=\"Refugio Jur\u00eddico\" \/>\n<meta property=\"article:modified_time\" content=\"2023-01-27T00:46:38+00:00\" \/>\n<meta property=\"og:image\" content=\"https:\/\/refugiojuridico.com\/wp-content\/uploads\/2021\/10\/neve-demo-image-35.png\" \/>\n<meta name=\"twitter:card\" content=\"summary_large_image\" \/>\n<meta name=\"twitter:label1\" content=\"Tiempo estimado de lectura\" \/>\n\t<meta name=\"twitter:data1\" content=\"2 minutos\" \/>\n<script type=\"application\/ld+json\" class=\"yoast-schema-graph\">{\"@context\":\"https:\/\/schema.org\",\"@graph\":[{\"@type\":\"WebPage\",\"@id\":\"https:\/\/refugiojuridico.com\/7b3c2-homepage\/\",\"url\":\"https:\/\/refugiojuridico.com\/7b3c2-homepage\/\",\"name\":\"Inicio - Refugio Jur\u00eddico\",\"isPartOf\":{\"@id\":\"https:\/\/refugiojuridico.com\/#website\"},\"primaryImageOfPage\":{\"@id\":\"https:\/\/refugiojuridico.com\/7b3c2-homepage\/#primaryimage\"},\"image\":{\"@id\":\"https:\/\/refugiojuridico.com\/7b3c2-homepage\/#primaryimage\"},\"thumbnailUrl\":\"https:\/\/refugiojuridico.com\/wp-content\/uploads\/2021\/10\/neve-demo-image-35.png\",\"datePublished\":\"2021-02-16T11:44:42+00:00\",\"dateModified\":\"2023-01-27T00:46:38+00:00\",\"breadcrumb\":{\"@id\":\"https:\/\/refugiojuridico.com\/7b3c2-homepage\/#breadcrumb\"},\"inLanguage\":\"es-CO\",\"potentialAction\":[{\"@type\":\"ReadAction\",\"target\":[\"https:\/\/refugiojuridico.com\/7b3c2-homepage\/\"]}]},{\"@type\":\"ImageObject\",\"inLanguage\":\"es-CO\",\"@id\":\"https:\/\/refugiojuridico.com\/7b3c2-homepage\/#primaryimage\",\"url\":\"\",\"contentUrl\":\"\"},{\"@type\":\"BreadcrumbList\",\"@id\":\"https:\/\/refugiojuridico.com\/7b3c2-homepage\/#breadcrumb\",\"itemListElement\":[{\"@type\":\"ListItem\",\"position\":1,\"name\":\"Home\",\"item\":\"https:\/\/refugiojuridico.com\/\"},{\"@type\":\"ListItem\",\"position\":2,\"name\":\"Inicio\"}]},{\"@type\":\"WebSite\",\"@id\":\"https:\/\/refugiojuridico.com\/#website\",\"url\":\"https:\/\/refugiojuridico.com\/\",\"name\":\"Refugio Jur\u00eddico\",\"description\":\"Consulta de temas jur\u00eddicos\",\"publisher\":{\"@id\":\"https:\/\/refugiojuridico.com\/#\/schema\/person\/2fdafa8790bfa1da36dc59e5142ec32b\"},\"potentialAction\":[{\"@type\":\"SearchAction\",\"target\":{\"@type\":\"EntryPoint\",\"urlTemplate\":\"https:\/\/refugiojuridico.com\/?s={search_term_string}\"},\"query-input\":\"required name=search_term_string\"}],\"inLanguage\":\"es-CO\"},{\"@type\":[\"Person\",\"Organization\"],\"@id\":\"https:\/\/refugiojuridico.com\/#\/schema\/person\/2fdafa8790bfa1da36dc59e5142ec32b\",\"name\":\"gserrano60\",\"image\":{\"@type\":\"ImageObject\",\"inLanguage\":\"es-CO\",\"@id\":\"https:\/\/refugiojuridico.com\/#\/schema\/person\/image\/\",\"url\":\"https:\/\/refugiojuridico.com\/wp-content\/uploads\/2023\/01\/Screen-Shot-2023-01-12-at-8.21.32-PM.png\",\"contentUrl\":\"https:\/\/refugiojuridico.com\/wp-content\/uploads\/2023\/01\/Screen-Shot-2023-01-12-at-8.21.32-PM.png\",\"width\":609,\"height\":446,\"caption\":\"gserrano60\"},\"logo\":{\"@id\":\"https:\/\/refugiojuridico.com\/#\/schema\/person\/image\/\"},\"sameAs\":[\"https:\/\/refugiojuridico.com\"]}]}<\/script>\n<!-- \/ Yoast SEO plugin. -->","yoast_head_json":{"title":"Inicio - Refugio Jur\u00eddico","robots":{"index":"index","follow":"follow","max-snippet":"max-snippet:-1","max-image-preview":"max-image-preview:large","max-video-preview":"max-video-preview:-1"},"canonical":"https:\/\/refugiojuridico.com\/es\/7b3c2-homepage\/","og_locale":"es_ES","og_type":"article","og_title":"Inicio - Refugio Jur\u00eddico","og_description":"Quienes Somos Corresponde esta p\u00e1gina a una herramienta tecnol\u00f3gica utilizada por Gustavo Serrano Rubio, abogado de la Universidad Libre, especializado en derecho procesal civil Universidad Externado de Colombia, pedagog\u00eda y docencia universitaria&hellip;","og_url":"https:\/\/refugiojuridico.com\/es\/7b3c2-homepage\/","og_site_name":"Refugio Jur\u00eddico","article_modified_time":"2023-01-27T00:46:38+00:00","og_image":[{"url":"https:\/\/refugiojuridico.com\/wp-content\/uploads\/2021\/10\/neve-demo-image-35.png"}],"twitter_card":"summary_large_image","twitter_misc":{"Tiempo estimado de lectura":"2 minutos"},"schema":{"@context":"https:\/\/schema.org","@graph":[{"@type":"WebPage","@id":"https:\/\/refugiojuridico.com\/7b3c2-homepage\/","url":"https:\/\/refugiojuridico.com\/7b3c2-homepage\/","name":"Inicio - Refugio Jur\u00eddico","isPartOf":{"@id":"https:\/\/refugiojuridico.com\/#website"},"primaryImageOfPage":{"@id":"https:\/\/refugiojuridico.com\/7b3c2-homepage\/#primaryimage"},"image":{"@id":"https:\/\/refugiojuridico.com\/7b3c2-homepage\/#primaryimage"},"thumbnailUrl":"https:\/\/refugiojuridico.com\/wp-content\/uploads\/2021\/10\/neve-demo-image-35.png","datePublished":"2021-02-16T11:44:42+00:00","dateModified":"2023-01-27T00:46:38+00:00","breadcrumb":{"@id":"https:\/\/refugiojuridico.com\/7b3c2-homepage\/#breadcrumb"},"inLanguage":"es-CO","potentialAction":[{"@type":"ReadAction","target":["https:\/\/refugiojuridico.com\/7b3c2-homepage\/"]}]},{"@type":"ImageObject","inLanguage":"es-CO","@id":"https:\/\/refugiojuridico.com\/7b3c2-homepage\/#primaryimage","url":"","contentUrl":""},{"@type":"BreadcrumbList","@id":"https:\/\/refugiojuridico.com\/7b3c2-homepage\/#breadcrumb","itemListElement":[{"@type":"ListItem","position":1,"name":"Home","item":"https:\/\/refugiojuridico.com\/"},{"@type":"ListItem","position":2,"name":"Inicio"}]},{"@type":"WebSite","@id":"https:\/\/refugiojuridico.com\/#website","url":"https:\/\/refugiojuridico.com\/","name":"Refugio Jur\u00eddico","description":"Consulta de temas jur\u00eddicos","publisher":{"@id":"https:\/\/refugiojuridico.com\/#\/schema\/person\/2fdafa8790bfa1da36dc59e5142ec32b"},"potentialAction":[{"@type":"SearchAction","target":{"@type":"EntryPoint","urlTemplate":"https:\/\/refugiojuridico.com\/?s={search_term_string}"},"query-input":"required name=search_term_string"}],"inLanguage":"es-CO"},{"@type":["Person","Organization"],"@id":"https:\/\/refugiojuridico.com\/#\/schema\/person\/2fdafa8790bfa1da36dc59e5142ec32b","name":"gserrano60","image":{"@type":"ImageObject","inLanguage":"es-CO","@id":"https:\/\/refugiojuridico.com\/#\/schema\/person\/image\/","url":"https:\/\/refugiojuridico.com\/wp-content\/uploads\/2023\/01\/Screen-Shot-2023-01-12-at-8.21.32-PM.png","contentUrl":"https:\/\/refugiojuridico.com\/wp-content\/uploads\/2023\/01\/Screen-Shot-2023-01-12-at-8.21.32-PM.png","width":609,"height":446,"caption":"gserrano60"},"logo":{"@id":"https:\/\/refugiojuridico.com\/#\/schema\/person\/image\/"},"sameAs":["https:\/\/refugiojuridico.com"]}]}},"jetpack_likes_enabled":true,"jetpack_sharing_enabled":true,"_links":{"self":[{"href":"https:\/\/refugiojuridico.com\/es\/wp-json\/wp\/v2\/pages\/46","targetHints":{"allow":["GET"]}}],"collection":[{"href":"https:\/\/refugiojuridico.com\/es\/wp-json\/wp\/v2\/pages"}],"about":[{"href":"https:\/\/refugiojuridico.com\/es\/wp-json\/wp\/v2\/types\/page"}],"author":[{"embeddable":true,"href":"https:\/\/refugiojuridico.com\/es\/wp-json\/wp\/v2\/users\/1"}],"replies":[{"embeddable":true,"href":"https:\/\/refugiojuridico.com\/es\/wp-json\/wp\/v2\/comments?post=46"}],"version-history":[{"count":3,"href":"https:\/\/refugiojuridico.com\/es\/wp-json\/wp\/v2\/pages\/46\/revisions"}],"predecessor-version":[{"id":592,"href":"https:\/\/refugiojuridico.com\/es\/wp-json\/wp\/v2\/pages\/46\/revisions\/592"}],"wp:attachment":[{"href":"https:\/\/refugiojuridico.com\/es\/wp-json\/wp\/v2\/media?parent=46"}],"curies":[{"name":"wp","href":"https:\/\/api.w.org\/{rel}","templated":true}]}}