{"id":469,"date":"2023-01-20T14:50:46","date_gmt":"2023-01-20T14:50:46","guid":{"rendered":"https:\/\/refugiojuridico.com\/?page_id=469"},"modified":"2023-02-12T23:46:23","modified_gmt":"2023-02-12T23:46:23","slug":"contacto","status":"publish","type":"page","link":"https:\/\/refugiojuridico.com\/es\/contacto\/","title":{"rendered":"Contacto"},"content":{"rendered":"<p>  <\/p>\n\n\n\n<div id=\"wp-block-themeisle-blocks-icon-list-fccff55f\" class=\"wp-block-themeisle-blocks-icon-list\">\n<div id=\"wp-block-themeisle-blocks-icon-list-item-04c9cf89\" class=\"wp-block-themeisle-blocks-icon-list-item\"><i class=\"fas fa-angle-right wp-block-themeisle-blocks-icon-list-item-icon\"><\/i><p class=\"wp-block-themeisle-blocks-icon-list-item-content\"><strong>Correo electr\u00f3nico: <\/strong>gserranorubio@gmail.com<\/p><\/div>\n\n\n\n<div id=\"wp-block-themeisle-blocks-icon-list-item-920ca843\" class=\"wp-block-themeisle-blocks-icon-list-item\"><i class=\"fas fa-angle-right wp-block-themeisle-blocks-icon-list-item-icon\"><\/i><p class=\"wp-block-themeisle-blocks-icon-list-item-content\"><strong>Redes sociales: <\/strong><\/p><\/div>\n<\/div>\n\n\n\n<ul class=\"wp-block-social-links is-layout-flex wp-block-social-links-is-layout-flex\"><li class=\"wp-social-link wp-social-link-instagram  wp-block-social-link\"><a href=\"https:\/\/gserranorubio\" class=\"wp-block-social-link-anchor\"><svg width=\"24\" height=\"24\" viewbox=\"0 0 24 24\" version=\"1.1\" xmlns=\"http:\/\/www.w3.org\/2000\/svg\" aria-hidden=\"true\" focusable=\"false\"><path d=\"M12,4.622c2.403,0,2.688,0.009,3.637,0.052c0.877,0.04,1.354,0.187,1.671,0.31c0.42,0.163,0.72,0.358,1.035,0.673 c0.315,0.315,0.51,0.615,0.673,1.035c0.123,0.317,0.27,0.794,0.31,1.671c0.043,0.949,0.052,1.234,0.052,3.637 s-0.009,2.688-0.052,3.637c-0.04,0.877-0.187,1.354-0.31,1.671c-0.163,0.42-0.358,0.72-0.673,1.035 c-0.315,0.315-0.615,0.51-1.035,0.673c-0.317,0.123-0.794,0.27-1.671,0.31c-0.949,0.043-1.233,0.052-3.637,0.052 s-2.688-0.009-3.637-0.052c-0.877-0.04-1.354-0.187-1.671-0.31c-0.42-0.163-0.72-0.358-1.035-0.673 c-0.315-0.315-0.51-0.615-0.673-1.035c-0.123-0.317-0.27-0.794-0.31-1.671C4.631,14.688,4.622,14.403,4.622,12 s0.009-2.688,0.052-3.637c0.04-0.877,0.187-1.354,0.31-1.671c0.163-0.42,0.358-0.72,0.673-1.035 c0.315-0.315,0.615-0.51,1.035-0.673c0.317-0.123,0.794-0.27,1.671-0.31C9.312,4.631,9.597,4.622,12,4.622 M12,3 C9.556,3,9.249,3.01,8.289,3.054C7.331,3.098,6.677,3.25,6.105,3.472C5.513,3.702,5.011,4.01,4.511,4.511 c-0.5,0.5-0.808,1.002-1.038,1.594C3.25,6.677,3.098,7.331,3.054,8.289C3.01,9.249,3,9.556,3,12c0,2.444,0.01,2.751,0.054,3.711 c0.044,0.958,0.196,1.612,0.418,2.185c0.23,0.592,0.538,1.094,1.038,1.594c0.5,0.5,1.002,0.808,1.594,1.038 c0.572,0.222,1.227,0.375,2.185,0.418C9.249,20.99,9.556,21,12,21s2.751-0.01,3.711-0.054c0.958-0.044,1.612-0.196,2.185-0.418 c0.592-0.23,1.094-0.538,1.594-1.038c0.5-0.5,0.808-1.002,1.038-1.594c0.222-0.572,0.375-1.227,0.418-2.185 C20.99,14.751,21,14.444,21,12s-0.01-2.751-0.054-3.711c-0.044-0.958-0.196-1.612-0.418-2.185c-0.23-0.592-0.538-1.094-1.038-1.594 c-0.5-0.5-1.002-0.808-1.594-1.038c-0.572-0.222-1.227-0.375-2.185-0.418C14.751,3.01,14.444,3,12,3L12,3z M12,7.378 c-2.552,0-4.622,2.069-4.622,4.622S9.448,16.622,12,16.622s4.622-2.069,4.622-4.622S14.552,7.378,12,7.378z M12,15 c-1.657,0-3-1.343-3-3s1.343-3,3-3s3,1.343,3,3S13.657,15,12,15z M16.804,6.116c-0.596,0-1.08,0.484-1.08,1.08 s0.484,1.08,1.08,1.08c0.596,0,1.08-0.484,1.08-1.08S17.401,6.116,16.804,6.116z\"><\/path><\/svg><span class=\"wp-block-social-link-label screen-reader-text\">Instagram<\/span><\/a><\/li>\n\n<li class=\"wp-social-link wp-social-link-linkedin  wp-block-social-link\"><a href=\"https:\/\/(@gustavoserranorubio\" class=\"wp-block-social-link-anchor\"><svg width=\"24\" height=\"24\" viewbox=\"0 0 24 24\" version=\"1.1\" xmlns=\"http:\/\/www.w3.org\/2000\/svg\" aria-hidden=\"true\" focusable=\"false\"><path d=\"M19.7,3H4.3C3.582,3,3,3.582,3,4.3v15.4C3,20.418,3.582,21,4.3,21h15.4c0.718,0,1.3-0.582,1.3-1.3V4.3 C21,3.582,20.418,3,19.7,3z M8.339,18.338H5.667v-8.59h2.672V18.338z M7.004,8.574c-0.857,0-1.549-0.694-1.549-1.548 c0-0.855,0.691-1.548,1.549-1.548c0.854,0,1.547,0.694,1.547,1.548C8.551,7.881,7.858,8.574,7.004,8.574z M18.339,18.338h-2.669 v-4.177c0-0.996-0.017-2.278-1.387-2.278c-1.389,0-1.601,1.086-1.601,2.206v4.249h-2.667v-8.59h2.559v1.174h0.037 c0.356-0.675,1.227-1.387,2.526-1.387c2.703,0,3.203,1.779,3.203,4.092V18.338z\"><\/path><\/svg><span class=\"wp-block-social-link-label screen-reader-text\">LinkedIn<\/span><\/a><\/li>\n\n<li class=\"wp-social-link wp-social-link-youtube  wp-block-social-link\"><a href=\"https:\/\/(@gustavoserranorubio\" class=\"wp-block-social-link-anchor\"><svg width=\"24\" height=\"24\" viewbox=\"0 0 24 24\" version=\"1.1\" xmlns=\"http:\/\/www.w3.org\/2000\/svg\" aria-hidden=\"true\" focusable=\"false\"><path d=\"M21.8,8.001c0,0-0.195-1.378-0.795-1.985c-0.76-0.797-1.613-0.801-2.004-0.847c-2.799-0.202-6.997-0.202-6.997-0.202 h-0.009c0,0-4.198,0-6.997,0.202C4.608,5.216,3.756,5.22,2.995,6.016C2.395,6.623,2.2,8.001,2.2,8.001S2,9.62,2,11.238v1.517 c0,1.618,0.2,3.237,0.2,3.237s0.195,1.378,0.795,1.985c0.761,0.797,1.76,0.771,2.205,0.855c1.6,0.153,6.8,0.201,6.8,0.201 s4.203-0.006,7.001-0.209c0.391-0.047,1.243-0.051,2.004-0.847c0.6-0.607,0.795-1.985,0.795-1.985s0.2-1.618,0.2-3.237v-1.517 C22,9.62,21.8,8.001,21.8,8.001z M9.935,14.594l-0.001-5.62l5.404,2.82L9.935,14.594z\"><\/path><\/svg><span class=\"wp-block-social-link-label screen-reader-text\">YouTube<\/span><\/a><\/li>\n\n<li class=\"wp-social-link wp-social-link-twitter  wp-block-social-link\"><a href=\"https:\/\/@gserrano\" class=\"wp-block-social-link-anchor\"><svg width=\"24\" height=\"24\" viewbox=\"0 0 24 24\" version=\"1.1\" xmlns=\"http:\/\/www.w3.org\/2000\/svg\" aria-hidden=\"true\" focusable=\"false\"><path d=\"M22.23,5.924c-0.736,0.326-1.527,0.547-2.357,0.646c0.847-0.508,1.498-1.312,1.804-2.27 c-0.793,0.47-1.671,0.812-2.606,0.996C18.324,4.498,17.257,4,16.077,4c-2.266,0-4.103,1.837-4.103,4.103 c0,0.322,0.036,0.635,0.106,0.935C8.67,8.867,5.647,7.234,3.623,4.751C3.27,5.357,3.067,6.062,3.067,6.814 c0,1.424,0.724,2.679,1.825,3.415c-0.673-0.021-1.305-0.206-1.859-0.513c0,0.017,0,0.034,0,0.052c0,1.988,1.414,3.647,3.292,4.023 c-0.344,0.094-0.707,0.144-1.081,0.144c-0.264,0-0.521-0.026-0.772-0.074c0.522,1.63,2.038,2.816,3.833,2.85 c-1.404,1.1-3.174,1.756-5.096,1.756c-0.331,0-0.658-0.019-0.979-0.057c1.816,1.164,3.973,1.843,6.29,1.843 c7.547,0,11.675-6.252,11.675-11.675c0-0.178-0.004-0.355-0.012-0.531C20.985,7.47,21.68,6.747,22.23,5.924z\"><\/path><\/svg><span class=\"wp-block-social-link-label screen-reader-text\">Twitter<\/span><\/a><\/li>\n\n<\/ul>\n\n\n<div class=\"wp-block-image\">\n<figure class=\"alignleft size-full is-resized\"><img loading=\"lazy\" decoding=\"async\" src=\"https:\/\/i0.wp.com\/refugiojuridico.com\/wp-content\/uploads\/2023\/01\/pexels-photo-10202992.jpeg?resize=375%2C468&#038;ssl=1\" alt=\"notebook writing mail business\" class=\"wp-image-644\" width=\"375\" height=\"468\" srcset=\"https:\/\/i0.wp.com\/refugiojuridico.com\/wp-content\/uploads\/2023\/01\/pexels-photo-10202992.jpeg?w=1040&amp;ssl=1 1040w, https:\/\/i0.wp.com\/refugiojuridico.com\/wp-content\/uploads\/2023\/01\/pexels-photo-10202992.jpeg?resize=240%2C300&amp;ssl=1 240w, https:\/\/i0.wp.com\/refugiojuridico.com\/wp-content\/uploads\/2023\/01\/pexels-photo-10202992.jpeg?resize=819%2C1024&amp;ssl=1 819w, https:\/\/i0.wp.com\/refugiojuridico.com\/wp-content\/uploads\/2023\/01\/pexels-photo-10202992.jpeg?resize=768%2C960&amp;ssl=1 768w, https:\/\/i0.wp.com\/refugiojuridico.com\/wp-content\/uploads\/2023\/01\/pexels-photo-10202992.jpeg?resize=10%2C12&amp;ssl=1 10w, https:\/\/i0.wp.com\/refugiojuridico.com\/wp-content\/uploads\/2023\/01\/pexels-photo-10202992.jpeg?resize=600%2C750&amp;ssl=1 600w\" sizes=\"auto, (max-width: 375px) 100vw, 375px\" data-recalc-dims=\"1\" \/><figcaption class=\"wp-element-caption\">Photo by cottonbro studio on <a href=\"https:\/\/www.pexels.com\/photo\/notebook-writing-mail-business-10202992\/\" rel=\"nofollow\">Pexels.com<\/a><\/figcaption><\/figure>\n<\/div>\n\n\n<div id=\"wp-block-themeisle-blocks-form-17d904df\" class=\"wp-block-themeisle-blocks-form\" data-option-name=\"bf9b28ff82ce323187abc5d0feb0d8f07ecd8436_17d904df\"><form class=\"otter-form__container\" action=\"\">\n<div id=\"wp-block-themeisle-blocks-form-input-35c93435\" class=\"wp-block-themeisle-blocks-form-input\"><label for=\"wp-block-themeisle-blocks-form-input-35c93435-input\" class=\"otter-form-input-label\"><span class=\"otter-form-input-label__label\">Nombre<\/span><span class=\"required\">*<\/span><\/label><input type=\"text\" id=\"wp-block-themeisle-blocks-form-input-35c93435-input\" required class=\"otter-form-input\"\/><\/div>\n\n\n\n<div id=\"wp-block-themeisle-blocks-form-input-68ddfdd6\" class=\"wp-block-themeisle-blocks-form-input\"><label for=\"wp-block-themeisle-blocks-form-input-68ddfdd6-input\" class=\"otter-form-input-label\"><span class=\"otter-form-input-label__label\">Correo electr\u00f3nico<\/span><span class=\"required\">*<\/span><\/label><input type=\"email\" id=\"wp-block-themeisle-blocks-form-input-68ddfdd6-input\" required class=\"otter-form-input\"\/><\/div>\n\n\n<div class=\"protection\" aria-hidden=\"true\"><input type=\"hidden\" id=\"wp-block-themeisle-blocks-form-17d904df_nonce_field\" name=\"wp-block-themeisle-blocks-form-17d904df_nonce_field\" value=\"73dfbed2ba\" \/><input type=\"hidden\" name=\"_wp_http_referer\" value=\"\/es\/wp-json\/wp\/v2\/pages\/469\" \/><input class=\"o-anti-bot\" type=\"checkbox\"><\/div>\n\n\n<div id=\"wp-block-themeisle-blocks-form-textarea-5e446946\" class=\"wp-block-themeisle-blocks-form-textarea\"><label for=\"wp-block-themeisle-blocks-form-textarea-5e446946-input\" class=\"otter-form-textarea-label\"><span class=\"otter-form-textarea-label__label\">Mensaje<\/span><\/label><textarea id=\"wp-block-themeisle-blocks-form-textarea-5e446946-input\" rows=\"10\" class=\"otter-form-textarea-input\"><\/textarea><\/div>\n\n\n\n<pre id=\"tw-target-text\" class=\"wp-block-preformatted\">Usted acepta recibir nuestras comunicaciones por correo electr\u00f3nico al enviar este formulario y comprende que su informaci\u00f3n de contacto se almacenar\u00e1 con nosotros.<\/pre>\n<div class=\"wp-block-button\"><button class=\"wp-block-button__link\" type=\"submit\">Submit<\/button><\/div><input type=\"hidden\" name=\"trp-form-language\" value=\"es\"\/><\/form><\/div>","protected":false},"excerpt":{"rendered":"","protected":false},"author":1,"featured_media":0,"parent":0,"menu_order":0,"comment_status":"closed","ping_status":"closed","template":"","meta":{"_themeisle_gutenberg_block_has_review":false,"jetpack_post_was_ever_published":false,"_ti_tpc_template_sync":false,"_ti_tpc_template_id":"","footnotes":""},"class_list":["post-469","page","type-page","status-publish","hentry"],"yoast_head":"<!-- This site is optimized with the Yoast SEO plugin v22.2 - https:\/\/yoast.com\/wordpress\/plugins\/seo\/ -->\n<title>Contacto - Refugio Jur\u00eddico<\/title>\n<meta name=\"robots\" content=\"index, follow, max-snippet:-1, max-image-preview:large, max-video-preview:-1\" \/>\n<link rel=\"canonical\" href=\"https:\/\/refugiojuridico.com\/es\/contacto\/\" \/>\n<meta property=\"og:locale\" content=\"es_ES\" \/>\n<meta property=\"og:type\" content=\"article\" \/>\n<meta property=\"og:title\" content=\"Contacto - Refugio Jur\u00eddico\" \/>\n<meta property=\"og:url\" content=\"https:\/\/refugiojuridico.com\/es\/contacto\/\" \/>\n<meta property=\"og:site_name\" content=\"Refugio Jur\u00eddico\" \/>\n<meta property=\"article:modified_time\" content=\"2023-02-12T23:46:23+00:00\" \/>\n<meta property=\"og:image\" content=\"https:\/\/refugiojuridico.com\/wp-content\/uploads\/2023\/01\/pexels-photo-10202992.jpeg\" \/>\n<meta name=\"twitter:card\" content=\"summary_large_image\" \/>\n<meta name=\"twitter:label1\" content=\"Tiempo estimado de lectura\" \/>\n\t<meta name=\"twitter:data1\" content=\"1 minuto\" \/>\n<script type=\"application\/ld+json\" class=\"yoast-schema-graph\">{\"@context\":\"https:\/\/schema.org\",\"@graph\":[{\"@type\":\"WebPage\",\"@id\":\"https:\/\/refugiojuridico.com\/contacto\/\",\"url\":\"https:\/\/refugiojuridico.com\/contacto\/\",\"name\":\"Contacto - Refugio Jur\u00eddico\",\"isPartOf\":{\"@id\":\"https:\/\/refugiojuridico.com\/#website\"},\"primaryImageOfPage\":{\"@id\":\"https:\/\/refugiojuridico.com\/contacto\/#primaryimage\"},\"image\":{\"@id\":\"https:\/\/refugiojuridico.com\/contacto\/#primaryimage\"},\"thumbnailUrl\":\"https:\/\/refugiojuridico.com\/wp-content\/uploads\/2023\/01\/pexels-photo-10202992.jpeg\",\"datePublished\":\"2023-01-20T14:50:46+00:00\",\"dateModified\":\"2023-02-12T23:46:23+00:00\",\"breadcrumb\":{\"@id\":\"https:\/\/refugiojuridico.com\/contacto\/#breadcrumb\"},\"inLanguage\":\"es-CO\",\"potentialAction\":[{\"@type\":\"ReadAction\",\"target\":[\"https:\/\/refugiojuridico.com\/contacto\/\"]}]},{\"@type\":\"ImageObject\",\"inLanguage\":\"es-CO\",\"@id\":\"https:\/\/refugiojuridico.com\/contacto\/#primaryimage\",\"url\":\"https:\/\/refugiojuridico.com\/wp-content\/uploads\/2023\/01\/pexels-photo-10202992.jpeg\",\"contentUrl\":\"https:\/\/refugiojuridico.com\/wp-content\/uploads\/2023\/01\/pexels-photo-10202992.jpeg\",\"width\":1040,\"height\":1300,\"caption\":\"Photo by cottonbro studio on Pexels.com\"},{\"@type\":\"BreadcrumbList\",\"@id\":\"https:\/\/refugiojuridico.com\/contacto\/#breadcrumb\",\"itemListElement\":[{\"@type\":\"ListItem\",\"position\":1,\"name\":\"Home\",\"item\":\"https:\/\/refugiojuridico.com\/\"},{\"@type\":\"ListItem\",\"position\":2,\"name\":\"Contacto\"}]},{\"@type\":\"WebSite\",\"@id\":\"https:\/\/refugiojuridico.com\/#website\",\"url\":\"https:\/\/refugiojuridico.com\/\",\"name\":\"Refugio Jur\u00eddico\",\"description\":\"Consulta de temas jur\u00eddicos\",\"publisher\":{\"@id\":\"https:\/\/refugiojuridico.com\/#\/schema\/person\/2fdafa8790bfa1da36dc59e5142ec32b\"},\"potentialAction\":[{\"@type\":\"SearchAction\",\"target\":{\"@type\":\"EntryPoint\",\"urlTemplate\":\"https:\/\/refugiojuridico.com\/?s={search_term_string}\"},\"query-input\":\"required name=search_term_string\"}],\"inLanguage\":\"es-CO\"},{\"@type\":[\"Person\",\"Organization\"],\"@id\":\"https:\/\/refugiojuridico.com\/#\/schema\/person\/2fdafa8790bfa1da36dc59e5142ec32b\",\"name\":\"gserrano60\",\"image\":{\"@type\":\"ImageObject\",\"inLanguage\":\"es-CO\",\"@id\":\"https:\/\/refugiojuridico.com\/#\/schema\/person\/image\/\",\"url\":\"https:\/\/refugiojuridico.com\/wp-content\/uploads\/2023\/01\/Screen-Shot-2023-01-12-at-8.21.32-PM.png\",\"contentUrl\":\"https:\/\/refugiojuridico.com\/wp-content\/uploads\/2023\/01\/Screen-Shot-2023-01-12-at-8.21.32-PM.png\",\"width\":609,\"height\":446,\"caption\":\"gserrano60\"},\"logo\":{\"@id\":\"https:\/\/refugiojuridico.com\/#\/schema\/person\/image\/\"},\"sameAs\":[\"https:\/\/refugiojuridico.com\"]}]}<\/script>\n<!-- \/ Yoast SEO plugin. -->","yoast_head_json":{"title":"Contacto - Refugio Jur\u00eddico","robots":{"index":"index","follow":"follow","max-snippet":"max-snippet:-1","max-image-preview":"max-image-preview:large","max-video-preview":"max-video-preview:-1"},"canonical":"https:\/\/refugiojuridico.com\/es\/contacto\/","og_locale":"es_ES","og_type":"article","og_title":"Contacto - Refugio Jur\u00eddico","og_url":"https:\/\/refugiojuridico.com\/es\/contacto\/","og_site_name":"Refugio Jur\u00eddico","article_modified_time":"2023-02-12T23:46:23+00:00","og_image":[{"url":"https:\/\/refugiojuridico.com\/wp-content\/uploads\/2023\/01\/pexels-photo-10202992.jpeg"}],"twitter_card":"summary_large_image","twitter_misc":{"Tiempo estimado de lectura":"1 minuto"},"schema":{"@context":"https:\/\/schema.org","@graph":[{"@type":"WebPage","@id":"https:\/\/refugiojuridico.com\/contacto\/","url":"https:\/\/refugiojuridico.com\/contacto\/","name":"Contacto - Refugio Jur\u00eddico","isPartOf":{"@id":"https:\/\/refugiojuridico.com\/#website"},"primaryImageOfPage":{"@id":"https:\/\/refugiojuridico.com\/contacto\/#primaryimage"},"image":{"@id":"https:\/\/refugiojuridico.com\/contacto\/#primaryimage"},"thumbnailUrl":"https:\/\/refugiojuridico.com\/wp-content\/uploads\/2023\/01\/pexels-photo-10202992.jpeg","datePublished":"2023-01-20T14:50:46+00:00","dateModified":"2023-02-12T23:46:23+00:00","breadcrumb":{"@id":"https:\/\/refugiojuridico.com\/contacto\/#breadcrumb"},"inLanguage":"es-CO","potentialAction":[{"@type":"ReadAction","target":["https:\/\/refugiojuridico.com\/contacto\/"]}]},{"@type":"ImageObject","inLanguage":"es-CO","@id":"https:\/\/refugiojuridico.com\/contacto\/#primaryimage","url":"https:\/\/refugiojuridico.com\/wp-content\/uploads\/2023\/01\/pexels-photo-10202992.jpeg","contentUrl":"https:\/\/refugiojuridico.com\/wp-content\/uploads\/2023\/01\/pexels-photo-10202992.jpeg","width":1040,"height":1300,"caption":"Photo by cottonbro studio on Pexels.com"},{"@type":"BreadcrumbList","@id":"https:\/\/refugiojuridico.com\/contacto\/#breadcrumb","itemListElement":[{"@type":"ListItem","position":1,"name":"Home","item":"https:\/\/refugiojuridico.com\/"},{"@type":"ListItem","position":2,"name":"Contacto"}]},{"@type":"WebSite","@id":"https:\/\/refugiojuridico.com\/#website","url":"https:\/\/refugiojuridico.com\/","name":"Refugio Jur\u00eddico","description":"Consulta de temas jur\u00eddicos","publisher":{"@id":"https:\/\/refugiojuridico.com\/#\/schema\/person\/2fdafa8790bfa1da36dc59e5142ec32b"},"potentialAction":[{"@type":"SearchAction","target":{"@type":"EntryPoint","urlTemplate":"https:\/\/refugiojuridico.com\/?s={search_term_string}"},"query-input":"required name=search_term_string"}],"inLanguage":"es-CO"},{"@type":["Person","Organization"],"@id":"https:\/\/refugiojuridico.com\/#\/schema\/person\/2fdafa8790bfa1da36dc59e5142ec32b","name":"gserrano60","image":{"@type":"ImageObject","inLanguage":"es-CO","@id":"https:\/\/refugiojuridico.com\/#\/schema\/person\/image\/","url":"https:\/\/refugiojuridico.com\/wp-content\/uploads\/2023\/01\/Screen-Shot-2023-01-12-at-8.21.32-PM.png","contentUrl":"https:\/\/refugiojuridico.com\/wp-content\/uploads\/2023\/01\/Screen-Shot-2023-01-12-at-8.21.32-PM.png","width":609,"height":446,"caption":"gserrano60"},"logo":{"@id":"https:\/\/refugiojuridico.com\/#\/schema\/person\/image\/"},"sameAs":["https:\/\/refugiojuridico.com"]}]}},"jetpack_likes_enabled":true,"jetpack_sharing_enabled":true,"_links":{"self":[{"href":"https:\/\/refugiojuridico.com\/es\/wp-json\/wp\/v2\/pages\/469","targetHints":{"allow":["GET"]}}],"collection":[{"href":"https:\/\/refugiojuridico.com\/es\/wp-json\/wp\/v2\/pages"}],"about":[{"href":"https:\/\/refugiojuridico.com\/es\/wp-json\/wp\/v2\/types\/page"}],"author":[{"embeddable":true,"href":"https:\/\/refugiojuridico.com\/es\/wp-json\/wp\/v2\/users\/1"}],"replies":[{"embeddable":true,"href":"https:\/\/refugiojuridico.com\/es\/wp-json\/wp\/v2\/comments?post=469"}],"version-history":[{"count":4,"href":"https:\/\/refugiojuridico.com\/es\/wp-json\/wp\/v2\/pages\/469\/revisions"}],"predecessor-version":[{"id":648,"href":"https:\/\/refugiojuridico.com\/es\/wp-json\/wp\/v2\/pages\/469\/revisions\/648"}],"wp:attachment":[{"href":"https:\/\/refugiojuridico.com\/es\/wp-json\/wp\/v2\/media?parent=469"}],"curies":[{"name":"wp","href":"https:\/\/api.w.org\/{rel}","templated":true}]}}